{"id":23101,"date":"2023-12-07T10:14:20","date_gmt":"2023-12-07T03:14:20","guid":{"rendered":"https:\/\/taynguyenfood.danabus.vn\/?post_type=product&#038;p=23101"},"modified":"2023-12-07T11:28:40","modified_gmt":"2023-12-07T04:28:40","slug":"banh-canh-gao-lut","status":"publish","type":"product","link":"https:\/\/taynguyenfood.danabus.vn\/index.php\/product\/banh-canh-gao-lut\/","title":{"rendered":"b\u00e1nh canh g\u1ea1o l\u1ee9t"},"content":{"rendered":"<p><strong><span style=\"vertical-align: inherit;\"><span style=\"vertical-align: inherit;\">B\u00c1NH CANH G\u1ea0O L\u1ee8T &#8211; TR\u1eccN V\u1eb8N \u1ea8M TH\u1ef0C TH\u1ef0C<\/span><\/span><\/strong><br \/>\n<span style=\"vertical-align: inherit;\"><span style=\"vertical-align: inherit;\"> B\u00ean c\u1ea1nh B\u00e1nh canh rau c\u1ee7, T\u00e2y Nguy\u00ean Food &#8211; Vi\u1ec7t Nam c\u0169ng cho ra m\u1eaft s\u1ea3n ph\u1ea9m B\u00e1nh c\u00e1nh B\u00ecnh l\u1ee9t n\u00e9m \u0111\u00e1p \u1ee9ng nhu c\u1ea7u c\u1ee7a qu\u00fd kh\u00e1ch h\u00e0ng. <\/span><span style=\"vertical-align: inherit;\">T\u01b0\u01a1ng t\u1ef1 nh\u01b0 c\u00e1c s\u1ea3n ph\u1ea9m kh\u00e1c c\u1ee7a ch\u00fang t\u00f4i, b\u00e1nh canh g\u1ea1o l\u1ee9t c\u0169ng c\u00f3 th\u00e0nh ph\u1ea7n 100% t\u1eeb nguy\u00ean li\u1ec7u t\u1ef1 nhi\u00ean.<\/span><\/span><\/p>\n<p><span style=\"vertical-align: inherit;\"><span style=\"vertical-align: inherit;\">\u0110\u01b0\u1ee3c l\u00e0m t\u1eeb ph\u01b0\u01a1ng ph\u00e1p truy\u1ec1n th\u1ed1ng, b\u00e1nh canh s\u1ee3i v\u1eabn gi\u1eef h\u01b0\u01a1ng v\u1ecb t\u1ef1 nhi\u00ean, v\u1ecb giai h\u01a1n b\u00e1nh canh th\u00f4ng th\u01b0\u1eddng, gi\u00e0u ch\u1ea5t x\u01a1 v\u00e0 c\u00e1c ch\u1ea5t d\u01b0\u1ee1ng t\u1ed1t cho c\u01a1 th\u1ec3.<\/span><\/span><\/p>\n<p><span style=\"vertical-align: inherit;\"><span style=\"vertical-align: inherit;\">S\u1ea3n ph\u1ea9m \u0111\u01b0\u1ee3c l\u00e0m ho\u00e0n to\u00e0n t\u1ef1 nhi\u00ean, kh\u00f4ng s\u1eed d\u1ee5ng m\u1ef9 ph\u1ea9m m\u00e0u, ch\u1ea5t b\u1ea3o qu\u1ea3n, ch\u1ea5t t\u1ea1o \u0111\u1ed9 dai hay b\u1ea5t k\u1ef3 h\u00f3a ch\u1ea5t \u0111\u1ed9c h\u1ea1i n\u00e0o. <\/span><span style=\"vertical-align: inherit;\">Khi n\u1ea5u l\u00ean s\u1ee3i v\u1eeba dai v\u1eeba m\u1ec1m, h\u01b0\u01a1ng v\u1ecb v\u1eabn ch\u1ee9a tinh ch\u1ea5t t\u1eeb \u200b\u200bnguy\u00ean li\u1ec7u t\u0129nh t\u1ef1 nhi\u00ean.<\/span><\/span><\/p>\n<p><strong><span style=\"vertical-align: inherit;\"><span style=\"vertical-align: inherit;\">TH\u00d4NG TIN S\u1ea2N PH\u1ea8M<\/span><\/span><\/strong><br \/>\n<span style=\"vertical-align: inherit;\"><span style=\"vertical-align: inherit;\"> &#8211; S\u1ea3n ph\u1ea9m: B\u00c1NH CANH G\u1ea0O L\u1ee8T <\/span><\/span><br \/>\n<span style=\"vertical-align: inherit;\"><span style=\"vertical-align: inherit;\">&#8211; Th\u01b0\u01a1ng hi\u1ec7u: T\u00c2Y NGUY\u00caN FOOD &#8211; VI\u1ec6T NAM <\/span><\/span><br \/>\n<span style=\"vertical-align: inherit;\"><span style=\"vertical-align: inherit;\">&#8211; \u0110\u00f3ng g\u00f3i &amp; ch\u1ecbu tr\u00e1ch nhi\u1ec7m: C\u00f4ng ty TNHH XNK T\u00e2y Nguy\u00ean &#8211; G43 L\u00ea Th\u1ecb Ri\u00eang \u2013 KDC Th\u1edbi An, Ph\u01b0\u1eddng Th\u1edbi An, Q.12, TP. <\/span><span style=\"vertical-align: inherit;\">H\u1ed3 Ch\u00ed Minh. <\/span><\/span><br \/>\n<span style=\"vertical-align: inherit;\"><span style=\"vertical-align: inherit;\">&#8211; Th\u00e0nh ph\u1ea7n: G\u1ea1o l\u1ee9t huy\u1ebft r\u1ed3ng <\/span><\/span><br \/>\n<span style=\"vertical-align: inherit;\"><span style=\"vertical-align: inherit;\">&#8211; C\u00f4ng d\u1ee5ng: 12 th\u00e1ng k\u1ec3 t\u1eeb ng\u00e0y s\u1ea3n xu\u1ea5t <\/span><\/span><br \/>\n<span style=\"vertical-align: inherit;\"><span style=\"vertical-align: inherit;\">&#8211; Xu\u1ea5t x\u1ee9: Sa \u0110\u00e9c, \u0110\u1ed3ng Th\u00e1p, Vi\u1ec7t Nam <\/span><\/span><br \/>\n<span style=\"vertical-align: inherit;\"><span style=\"vertical-align: inherit;\">&#8211; H\u01b0\u1edbng d\u1eabn s\u1eed d\u1ee5ng: ng\u00e2m qua v\u1edbi n\u01b0\u1edbc l\u1ea1nh 25 &#8211; 30 ph\u00fat. <\/span><span style=\"vertical-align: inherit;\">\u0110un s\u00f4i n\u01b0\u1edbc s\u00f4i trong 1-2 ph\u00fat, sau \u0111\u00f3 x\u1ea3 n\u01b0\u1edbc l\u1ea1nh \u0111\u1ec3 nhanh. <\/span><span style=\"vertical-align: inherit;\">S\u1eed d\u1ee5ng t\u00f9y ch\u1ecdn th\u00e0nh ph\u1ea7n bi\u1ebfn ch\u1ebf \u0111\u1ed9. <\/span><\/span><br \/>\n<span style=\"vertical-align: inherit;\"><span style=\"vertical-align: inherit;\">&#8211; H\u01b0\u1edbng d\u1eabn b\u1ea3o qu\u1ea3n: B\u1ea3o qu\u1ea3n t\u1ea1i n\u01a1i tho\u00e1ng m\u00e1t, kh\u00f4 r\u00e1o, \u0111i\u1ec1u ki\u1ec7n b\u00ecnh th\u01b0\u1eddng, tr\u00e1nh \u00e1nh s\u00e1ng tr\u1ef1c ti\u1ebfp. <\/span><span style=\"vertical-align: inherit;\">Sau khi n\u00e9n bao b\u00ec s\u1ea3n ph\u1ea9m, n\u00ean \u0111\u1eady k\u00edn s\u1ea3n ph\u1ea9m ho\u1eb7c b\u1ecf v\u00e0o ng\u0103n m\u00e1t t\u1ee7 l\u1ea1nh. <\/span><\/span><br \/>\n<span style=\"vertical-align: inherit;\"><span style=\"vertical-align: inherit;\">&#8211; Tr\u1ecdng l\u01b0\u1ee3ng: 500g, 1kg<\/span><\/span><\/p>\n<p><strong><span style=\"vertical-align: inherit;\"><span style=\"vertical-align: inherit;\">TH\u00d4NG TIN \u0110\u00ccNH D\u01af\u1ee0NG C\u00d3 TR\u1eccNG 100 GRAM B\u00c1NH CANH G\u1ea0O L\u1ee8T NH\u00c0 T\u00c2Y NGUY\u00caN FOOD &#8211; VI\u1ec6T NAM<\/span><\/span><\/strong><br \/>\n<span style=\"vertical-align: inherit;\"><span style=\"vertical-align: inherit;\"> + Calo: 214 <\/span><\/span><br \/>\n<span style=\"vertical-align: inherit;\"><span style=\"vertical-align: inherit;\">+ Fat: 1 <\/span><\/span><br \/>\n<span style=\"vertical-align: inherit;\"><span style=\"vertical-align: inherit;\">+ Carbs: 48.4 <\/span><\/span><br \/>\n<span style=\"vertical-align: inherit;\"><span style=\"vertical-align: inherit;\">+ Protein: 2.8<\/span><\/span><\/p>\n<p><strong><span style=\"vertical-align: inherit;\"><span style=\"vertical-align: inherit;\">5 C\u00d4NG D\u1ee4NG TUY\u1ec6T V\u1edcI NH\u1ea4T C\u1ee6A B\u00c1NH CANH G\u1ea0O L\u1ee8T NH\u00c0 T\u00c2Y NGUY\u00caN TH\u1ef0C PH\u1ea8M<\/span><\/span><\/strong><br \/>\n<span style=\"vertical-align: inherit;\"><span style=\"vertical-align: inherit;\"> 1: H\u1ed7 tr\u1ee3 ki\u1ec3m so\u00e1t c\u00e2n n\u1eb7ng v\u00e0 gi\u1eef hi\u1ec7u qu\u1ea3 <\/span><\/span><br \/>\n<span style=\"vertical-align: inherit;\"><span style=\"vertical-align: inherit;\">2: Thanh l\u1ecdc c\u01a1 th\u1ec3, h\u1ed7 tr\u1ee3 lo\u1ea1i b\u1ecf ch\u1ea5t th\u1ea3i v\u00e0 c\u00e1c ch\u1ea5t kh\u00f4ng mong mu\u1ed1n kh\u00e1c <\/span><\/span><br \/>\n<span style=\"vertical-align: inherit;\"><span style=\"vertical-align: inherit;\">3 : Cung c\u1ea5p n\u0103ng l\u01b0\u1ee3ng v\u00e0 t\u0103ng s\u1ee9c \u0111\u1ec1 kh\u00e1ng <\/span><\/span><br \/>\n<span style=\"vertical-align: inherit;\"><span style=\"vertical-align: inherit;\">4: H\u1ed7 tr\u1ee3 qu\u00e1 tr\u00ecnh trao \u0111\u1ed5i ch\u1ea5t <\/span><\/span><br \/>\n<span style=\"vertical-align: inherit;\"><span style=\"vertical-align: inherit;\">5: B\u1ed5 sung d\u01b0\u1ee1ng ch\u1ea5t v\u00e0 nhi\u1ec1u ch\u1ea5t kho\u00e1ng l\u1ee3i cho c\u01a1 th\u1ec3 <\/span><\/span><br \/>\n<span style=\"vertical-align: inherit;\"><span style=\"vertical-align: inherit;\">KH\u00d4NG CH\u1ea4T B\u1ea2O QU\u1ea2N, KH\u00d4NG CH\u1ea4T T\u1ea0O M\u00c0U, KH\u00d4NG CH\u1ea4T PH\u1ee4 GIA <\/span><\/span><br \/>\n<span style=\"vertical-align: inherit;\"><span style=\"vertical-align: inherit;\">&#8212; &#8212;&#8212;&#8212;&#8212;&#8212;&#8212;&#8212;&#8212;&#8212;&#8212;&#8212;&#8212;&#8212;&#8212;&#8212;&#8212;&#8211; &#8212;&#8212;&#8212;&#8212;&#8212;&#8212;&#8212;&#8212;&#8212;&#8212;&#8212;&#8212;&#8211; <\/span><\/span><br \/>\n<span style=\"vertical-align: inherit;\"><span style=\"vertical-align: inherit;\">Ship h\u00e0ng to\u00e0n qu\u1ed1c, h\u1ed7 tr\u1ee3 ph\u00ed ship \u01b0u \u0111\u00e3i <\/span><\/span><br \/>\n<span style=\"vertical-align: inherit;\"><span style=\"vertical-align: inherit;\">T\u00e2y Nguy\u00ean Food Vi\u1ec7t Nam &#8211; V\u00ec l\u1ee3i \u00edch s\u1ee9c kh\u1ecfe kh\u00e1ch h\u00e0ng! <\/span><\/span><br \/>\n<span style=\"vertical-align: inherit;\"><span style=\"vertical-align: inherit;\">\u2705 N\u1ebfu b\u1ea1n g\u1eb7p ph\u1ea3i b\u1ea5t c\u1ee9 \u0111i\u1ec1u g\u00ec kh\u00f4ng h\u00e0i l\u00f2ng v\u1ec1 s\u1ea3n ph\u1ea9m, xin \u0111\u1eebng ch\u00e2m ra nh\u1eadn x\u00e9t m\u00e0 h\u00e3y li\u00ean h\u1ec7 v\u1edbi ch\u00fang t\u00f4i \u0111\u1ec3 \u0111\u01b0\u1ee3c gi\u1ea3i quy\u1ebft b\u1ea1n nh\u00e9! <\/span><\/span><br \/>\n<span style=\"vertical-align: inherit;\"><span style=\"vertical-align: inherit;\">\u2705 N\u1ebfu tr\u01b0\u1eddng h\u1ee3p ch\u00fang t\u00f4i g\u1eedi nh\u1ea7m h\u00e0ng ho\u1eb7c s\u1ea3n ph\u1ea9m b\u1ecb l\u1ed7i, xin b\u1ea1n h\u00e3y th\u00f4ng b\u00e1o ngay \u0111\u1ec3 \u0111\u01b0\u1ee3c h\u1ed7 tr\u1ee3, ch\u00fang t\u00f4i xin ch\u00e2n th\u00e0nh c\u1ea3m \u01a1n b\u1ea1n.<\/span><\/span><\/p>\n","protected":false},"excerpt":{"rendered":"<p>B\u00c1NH CANH G\u1ea0O L\u1ee8T &#8211; TR\u1eccN V\u1eb8N \u1ea8M TH\u1ef0C TH\u1ef0C B\u00ean c\u1ea1nh B\u00e1nh canh rau c\u1ee7, T\u00e2y Nguy\u00ean Food &#8211; Vi\u1ec7t Nam c\u0169ng cho ra m\u1eaft s\u1ea3n ph\u1ea9m B\u00e1nh c\u00e1nh B\u00ecnh l\u1ee9t n\u00e9m \u0111\u00e1p \u1ee9ng nhu c\u1ea7u c\u1ee7a qu\u00fd kh\u00e1ch h\u00e0ng. T\u01b0\u01a1ng t\u1ef1 nh\u01b0 c\u00e1c s\u1ea3n ph\u1ea9m kh\u00e1c c\u1ee7a ch\u00fang t\u00f4i, b\u00e1nh canh g\u1ea1o l\u1ee9t [&hellip;]<\/p>\n","protected":false},"featured_media":23102,"comment_status":"open","ping_status":"closed","template":"","meta":[],"product_cat":[15,43],"product_tag":[],"class_list":["post-23101","product","type-product","status-publish","has-post-thumbnail","hentry","product_cat-uncategorized","product_cat-foods"],"yoast_head":"<!-- This site is optimized with the Yoast SEO plugin v21.6 - https:\/\/yoast.com\/wordpress\/plugins\/seo\/ -->\n<title>b\u00e1nh canh g\u1ea1o l\u1ee9t - T\u00e2y Nguy\u00ean Food - Vi\u1ec7t Nam<\/title>\n<meta name=\"robots\" content=\"index, follow, max-snippet:-1, max-image-preview:large, max-video-preview:-1\" \/>\n<link rel=\"canonical\" href=\"http:\/\/taynguyenfood.danabus.vn\/index.php\/product\/banh-canh-gao-lut\/\" \/>\n<meta property=\"og:locale\" content=\"vi_VN\" \/>\n<meta property=\"og:type\" content=\"article\" \/>\n<meta property=\"og:title\" content=\"b\u00e1nh canh g\u1ea1o l\u1ee9t - T\u00e2y Nguy\u00ean Food - Vi\u1ec7t Nam\" \/>\n<meta property=\"og:description\" content=\"B\u00c1NH CANH G\u1ea0O L\u1ee8T &#8211; TR\u1eccN V\u1eb8N \u1ea8M TH\u1ef0C TH\u1ef0C B\u00ean c\u1ea1nh B\u00e1nh canh rau c\u1ee7, T\u00e2y Nguy\u00ean Food &#8211; Vi\u1ec7t Nam c\u0169ng cho ra m\u1eaft s\u1ea3n ph\u1ea9m B\u00e1nh c\u00e1nh B\u00ecnh l\u1ee9t n\u00e9m \u0111\u00e1p \u1ee9ng nhu c\u1ea7u c\u1ee7a qu\u00fd kh\u00e1ch h\u00e0ng. T\u01b0\u01a1ng t\u1ef1 nh\u01b0 c\u00e1c s\u1ea3n ph\u1ea9m kh\u00e1c c\u1ee7a ch\u00fang t\u00f4i, b\u00e1nh canh g\u1ea1o l\u1ee9t [&hellip;]\" \/>\n<meta property=\"og:url\" content=\"http:\/\/taynguyenfood.danabus.vn\/index.php\/product\/banh-canh-gao-lut\/\" \/>\n<meta property=\"og:site_name\" content=\"T\u00e2y Nguy\u00ean Food - Vi\u1ec7t Nam\" \/>\n<meta property=\"article:modified_time\" content=\"2023-12-07T04:28:40+00:00\" \/>\n<meta property=\"og:image\" content=\"http:\/\/taynguyenfood.danabus.vn\/wp-content\/uploads\/2023\/12\/banh-canh-gao-lut-01.webp\" \/>\n\t<meta property=\"og:image:width\" content=\"480\" \/>\n\t<meta property=\"og:image:height\" content=\"480\" \/>\n\t<meta property=\"og:image:type\" content=\"image\/webp\" \/>\n<meta name=\"twitter:card\" content=\"summary_large_image\" \/>\n<meta name=\"twitter:label1\" content=\"\u01af\u1edbc t\u00ednh th\u1eddi gian \u0111\u1ecdc\" \/>\n\t<meta name=\"twitter:data1\" content=\"3 ph\u00fat\" \/>\n<script type=\"application\/ld+json\" class=\"yoast-schema-graph\">{\"@context\":\"https:\/\/schema.org\",\"@graph\":[{\"@type\":\"WebPage\",\"@id\":\"http:\/\/taynguyenfood.danabus.vn\/index.php\/product\/banh-canh-gao-lut\/\",\"url\":\"http:\/\/taynguyenfood.danabus.vn\/index.php\/product\/banh-canh-gao-lut\/\",\"name\":\"b\u00e1nh canh g\u1ea1o l\u1ee9t - T\u00e2y Nguy\u00ean Food - Vi\u1ec7t Nam\",\"isPartOf\":{\"@id\":\"http:\/\/taynguyenfood.danabus.vn\/#website\"},\"datePublished\":\"2023-12-07T03:14:20+00:00\",\"dateModified\":\"2023-12-07T04:28:40+00:00\",\"breadcrumb\":{\"@id\":\"http:\/\/taynguyenfood.danabus.vn\/index.php\/product\/banh-canh-gao-lut\/#breadcrumb\"},\"inLanguage\":\"vi\",\"potentialAction\":[{\"@type\":\"ReadAction\",\"target\":[\"http:\/\/taynguyenfood.danabus.vn\/index.php\/product\/banh-canh-gao-lut\/\"]}]},{\"@type\":\"BreadcrumbList\",\"@id\":\"http:\/\/taynguyenfood.danabus.vn\/index.php\/product\/banh-canh-gao-lut\/#breadcrumb\",\"itemListElement\":[{\"@type\":\"ListItem\",\"position\":1,\"name\":\"Home\",\"item\":\"http:\/\/taynguyenfood.danabus.vn\/\"},{\"@type\":\"ListItem\",\"position\":2,\"name\":\"Products\",\"item\":\"https:\/\/taynguyenfood.danabus.vn\/index.php\/shop\/\"},{\"@type\":\"ListItem\",\"position\":3,\"name\":\"b\u00e1nh canh g\u1ea1o l\u1ee9t\"}]},{\"@type\":\"WebSite\",\"@id\":\"http:\/\/taynguyenfood.danabus.vn\/#website\",\"url\":\"http:\/\/taynguyenfood.danabus.vn\/\",\"name\":\"T\u00e2y Nguy\u00ean Food - Vi\u1ec7t Nam\",\"description\":\"\",\"publisher\":{\"@id\":\"http:\/\/taynguyenfood.danabus.vn\/#organization\"},\"potentialAction\":[{\"@type\":\"SearchAction\",\"target\":{\"@type\":\"EntryPoint\",\"urlTemplate\":\"http:\/\/taynguyenfood.danabus.vn\/?s={search_term_string}\"},\"query-input\":\"required name=search_term_string\"}],\"inLanguage\":\"vi\"},{\"@type\":\"Organization\",\"@id\":\"http:\/\/taynguyenfood.danabus.vn\/#organization\",\"name\":\"T\u00e2y Nguy\u00ean Food - Vi\u1ec7t Nam\",\"url\":\"http:\/\/taynguyenfood.danabus.vn\/\",\"logo\":{\"@type\":\"ImageObject\",\"inLanguage\":\"vi\",\"@id\":\"http:\/\/taynguyenfood.danabus.vn\/#\/schema\/logo\/image\/\",\"url\":\"https:\/\/taynguyenfood.danabus.vn\/wp-content\/uploads\/2023\/12\/Logo-with-slogan-1.png\",\"contentUrl\":\"https:\/\/taynguyenfood.danabus.vn\/wp-content\/uploads\/2023\/12\/Logo-with-slogan-1.png\",\"width\":1679,\"height\":1667,\"caption\":\"T\u00e2y Nguy\u00ean Food - Vi\u1ec7t Nam\"},\"image\":{\"@id\":\"http:\/\/taynguyenfood.danabus.vn\/#\/schema\/logo\/image\/\"}}]}<\/script>\n<!-- \/ Yoast SEO plugin. -->","yoast_head_json":{"title":"b\u00e1nh canh g\u1ea1o l\u1ee9t - T\u00e2y Nguy\u00ean Food - Vi\u1ec7t Nam","robots":{"index":"index","follow":"follow","max-snippet":"max-snippet:-1","max-image-preview":"max-image-preview:large","max-video-preview":"max-video-preview:-1"},"canonical":"http:\/\/taynguyenfood.danabus.vn\/index.php\/product\/banh-canh-gao-lut\/","og_locale":"vi_VN","og_type":"article","og_title":"b\u00e1nh canh g\u1ea1o l\u1ee9t - T\u00e2y Nguy\u00ean Food - Vi\u1ec7t Nam","og_description":"B\u00c1NH CANH G\u1ea0O L\u1ee8T &#8211; TR\u1eccN V\u1eb8N \u1ea8M TH\u1ef0C TH\u1ef0C B\u00ean c\u1ea1nh B\u00e1nh canh rau c\u1ee7, T\u00e2y Nguy\u00ean Food &#8211; Vi\u1ec7t Nam c\u0169ng cho ra m\u1eaft s\u1ea3n ph\u1ea9m B\u00e1nh c\u00e1nh B\u00ecnh l\u1ee9t n\u00e9m \u0111\u00e1p \u1ee9ng nhu c\u1ea7u c\u1ee7a qu\u00fd kh\u00e1ch h\u00e0ng. T\u01b0\u01a1ng t\u1ef1 nh\u01b0 c\u00e1c s\u1ea3n ph\u1ea9m kh\u00e1c c\u1ee7a ch\u00fang t\u00f4i, b\u00e1nh canh g\u1ea1o l\u1ee9t [&hellip;]","og_url":"http:\/\/taynguyenfood.danabus.vn\/index.php\/product\/banh-canh-gao-lut\/","og_site_name":"T\u00e2y Nguy\u00ean Food - Vi\u1ec7t Nam","article_modified_time":"2023-12-07T04:28:40+00:00","og_image":[{"width":480,"height":480,"url":"http:\/\/taynguyenfood.danabus.vn\/wp-content\/uploads\/2023\/12\/banh-canh-gao-lut-01.webp","type":"image\/webp"}],"twitter_card":"summary_large_image","twitter_misc":{"\u01af\u1edbc t\u00ednh th\u1eddi gian \u0111\u1ecdc":"3 ph\u00fat"},"schema":{"@context":"https:\/\/schema.org","@graph":[{"@type":"WebPage","@id":"http:\/\/taynguyenfood.danabus.vn\/index.php\/product\/banh-canh-gao-lut\/","url":"http:\/\/taynguyenfood.danabus.vn\/index.php\/product\/banh-canh-gao-lut\/","name":"b\u00e1nh canh g\u1ea1o l\u1ee9t - T\u00e2y Nguy\u00ean Food - Vi\u1ec7t Nam","isPartOf":{"@id":"http:\/\/taynguyenfood.danabus.vn\/#website"},"datePublished":"2023-12-07T03:14:20+00:00","dateModified":"2023-12-07T04:28:40+00:00","breadcrumb":{"@id":"http:\/\/taynguyenfood.danabus.vn\/index.php\/product\/banh-canh-gao-lut\/#breadcrumb"},"inLanguage":"vi","potentialAction":[{"@type":"ReadAction","target":["http:\/\/taynguyenfood.danabus.vn\/index.php\/product\/banh-canh-gao-lut\/"]}]},{"@type":"BreadcrumbList","@id":"http:\/\/taynguyenfood.danabus.vn\/index.php\/product\/banh-canh-gao-lut\/#breadcrumb","itemListElement":[{"@type":"ListItem","position":1,"name":"Home","item":"http:\/\/taynguyenfood.danabus.vn\/"},{"@type":"ListItem","position":2,"name":"Products","item":"https:\/\/taynguyenfood.danabus.vn\/index.php\/shop\/"},{"@type":"ListItem","position":3,"name":"b\u00e1nh canh g\u1ea1o l\u1ee9t"}]},{"@type":"WebSite","@id":"http:\/\/taynguyenfood.danabus.vn\/#website","url":"http:\/\/taynguyenfood.danabus.vn\/","name":"T\u00e2y Nguy\u00ean Food - Vi\u1ec7t Nam","description":"","publisher":{"@id":"http:\/\/taynguyenfood.danabus.vn\/#organization"},"potentialAction":[{"@type":"SearchAction","target":{"@type":"EntryPoint","urlTemplate":"http:\/\/taynguyenfood.danabus.vn\/?s={search_term_string}"},"query-input":"required name=search_term_string"}],"inLanguage":"vi"},{"@type":"Organization","@id":"http:\/\/taynguyenfood.danabus.vn\/#organization","name":"T\u00e2y Nguy\u00ean Food - Vi\u1ec7t Nam","url":"http:\/\/taynguyenfood.danabus.vn\/","logo":{"@type":"ImageObject","inLanguage":"vi","@id":"http:\/\/taynguyenfood.danabus.vn\/#\/schema\/logo\/image\/","url":"https:\/\/taynguyenfood.danabus.vn\/wp-content\/uploads\/2023\/12\/Logo-with-slogan-1.png","contentUrl":"https:\/\/taynguyenfood.danabus.vn\/wp-content\/uploads\/2023\/12\/Logo-with-slogan-1.png","width":1679,"height":1667,"caption":"T\u00e2y Nguy\u00ean Food - Vi\u1ec7t Nam"},"image":{"@id":"http:\/\/taynguyenfood.danabus.vn\/#\/schema\/logo\/image\/"}}]}},"_links":{"self":[{"href":"https:\/\/taynguyenfood.danabus.vn\/index.php\/wp-json\/wp\/v2\/product\/23101","targetHints":{"allow":["GET"]}}],"collection":[{"href":"https:\/\/taynguyenfood.danabus.vn\/index.php\/wp-json\/wp\/v2\/product"}],"about":[{"href":"https:\/\/taynguyenfood.danabus.vn\/index.php\/wp-json\/wp\/v2\/types\/product"}],"replies":[{"embeddable":true,"href":"https:\/\/taynguyenfood.danabus.vn\/index.php\/wp-json\/wp\/v2\/comments?post=23101"}],"wp:featuredmedia":[{"embeddable":true,"href":"https:\/\/taynguyenfood.danabus.vn\/index.php\/wp-json\/wp\/v2\/media\/23102"}],"wp:attachment":[{"href":"https:\/\/taynguyenfood.danabus.vn\/index.php\/wp-json\/wp\/v2\/media?parent=23101"}],"wp:term":[{"taxonomy":"product_cat","embeddable":true,"href":"https:\/\/taynguyenfood.danabus.vn\/index.php\/wp-json\/wp\/v2\/product_cat?post=23101"},{"taxonomy":"product_tag","embeddable":true,"href":"https:\/\/taynguyenfood.danabus.vn\/index.php\/wp-json\/wp\/v2\/product_tag?post=23101"}],"curies":[{"name":"wp","href":"https:\/\/api.w.org\/{rel}","templated":true}]}}