{"id":23099,"date":"2023-12-07T10:12:00","date_gmt":"2023-12-07T03:12:00","guid":{"rendered":"https:\/\/taynguyenfood.danabus.vn\/?post_type=product&#038;p=23099"},"modified":"2023-12-13T20:32:39","modified_gmt":"2023-12-13T13:32:39","slug":"banh-trang-gao-lut","status":"publish","type":"product","link":"https:\/\/taynguyenfood.danabus.vn\/index.php\/product\/banh-trang-gao-lut\/","title":{"rendered":"B\u00e1nh Tr\u00e1ng G\u1ea1o L\u1ee9t"},"content":{"rendered":"<p><strong>B\u00c1NH TR\u00c1NG G\u1ea0O L\u1ee8T &#8211; LINH H\u1ed2N CHO C\u00c1C M\u00d3N CU\u1ed0N \u0110\u1ea4T VI\u1ec6T<\/strong><\/p>\n<p>B\u00e1nh tr\u00e1ng g\u1ea1o l\u1ee9t l\u00e0 lo\u1ea1i b\u00e1nh \u0111\u01b0\u1ee3c l\u00e0m t\u1eeb b\u1ed9t g\u1ea1o l\u1ee9t, tinh b\u1ed9t s\u1eafn \u0111\u01b0\u1ee3c tr\u00e1ng m\u1ecfng v\u00e0 ph\u01a1i kh\u00f4. B\u00e1nh c\u00f3 m\u00e0u n\u00e2u nh\u1ea1t (g\u1ea7n nh\u01b0 m\u00e0u be n\u00e2u), \u0111\u1ed9 d\u00e0y v\u1eeba ph\u1ea3i, dai v\u00e0 d\u1ec5 cu\u1ed1n.<br \/>\nB\u00e1nh \u0111\u01b0\u1ee3c l\u00e0m t\u1eeb g\u1ea1o l\u1ee9t &#8211; lo\u1ea1i tinh b\u1ed9t chuy\u1ec3n h\u00f3a ch\u1eadm, t\u1ea1o c\u1ea3m gi\u00e1c no l\u00e2u gi\u00fap h\u1ed7 tr\u1ee3 b\u1ea1n ki\u1ec3m so\u00e1t c\u00e2n n\u1eb7ng m\u1ed9t c\u00e1ch hi\u1ec7u qu\u1ea3.<\/p>\n<p><strong>TH\u00d4NG TIN S\u1ea2N PH\u1ea8M\u00a0<\/strong><br \/>\n&#8211; S\u1ea3n ph\u1ea9m: B\u00c1NH TR\u00c1NG G\u1ea0O L\u1ee8T<br \/>\n&#8211; Th\u01b0\u01a1ng hi\u1ec7u: T\u00c2Y NGUY\u00caN FOOD &#8211; VI\u1ec6T NAM<br \/>\n&#8211;\u00a0\u0110\u00f3ng g\u00f3i &amp; ch\u1ecbu tr\u00e1ch nhi\u1ec7m: C\u00f4ng ty TNHH XNK T\u00e2y Nguy\u00ean &#8211; G43 L\u00ea Th\u1ecb Ri\u00eang \u2013 KDC Th\u1edbi An, Ph\u01b0\u1eddng Th\u1edbi An, Q.12, TP. H\u1ed3 Ch\u00ed Minh.<br \/>\n&#8211; Th\u00e0nh ph\u1ea7n: G\u1ea1o l\u1ee9t nguy\u00ean ch\u1ea5t, n\u01b0\u1edbc tinh khi\u1ebft, mu\u1ed1i<br \/>\n&#8211; H\u1ea1n s\u1eed d\u1ee5ng: 12 th\u00e1ng k\u1ec3 t\u1eeb ng\u00e0y s\u1ea3n xu\u1ea5t<br \/>\n&#8211; Xu\u1ea5t x\u1ee9: Vi\u1ec7t Nam<br \/>\n&#8211; H\u01b0\u1edbng d\u1eabn s\u1eed d\u1ee5ng: D\u00f9ng tr\u1ef1c ti\u1ebfp ho\u1eb7c d\u00f9ng l\u00e0m nguy\u00ean li\u1ec7u n\u1ea5u \u0103n.<br \/>\n&#8211; H\u01b0\u1edbng d\u1eabn b\u1ea3o qu\u1ea3n: B\u1ea3o qu\u1ea3n t\u1ea1i n\u01a1i tho\u00e1ng m\u00e1t, kh\u00f4 r\u00e1o, \u0111i\u1ec1u ki\u1ec7n b\u00ecnh th\u01b0\u1eddng, tr\u00e1nh \u00e1nh s\u00e1ng tr\u1ef1c ti\u1ebfp. Sau khi x\u00e9 bao b\u00ec s\u1ea3n ph\u1ea9m, n\u00ean \u0111\u1eady k\u00edn s\u1ea3n ph\u1ea9m ho\u1eb7c b\u1ecf v\u00e0o ng\u0103n m\u00e1t t\u1ee7 l\u1ea1nh.<br \/>\n&#8211; Tr\u1ecdng l\u01b0\u1ee3ng: 500g, 1kg<br \/>\n&#8211; Kh\u1ed1i l\u01b0\u1ee3ng: 16g\/mi\u1ebfng<br \/>\n&#8211; Gi\u00e1 tr\u1ecb dinh d\u01b0\u1ee1ng: 20 kcal\/ mi\u1ebfng<\/p>\n<p><strong>5 C\u00d4NG D\u1ee4NG C\u1ee6A B\u00c1NH TR\u00c1NG G\u1ea0O L\u1ee8T NH\u00c0 T\u00c2Y NGUY\u00caN FOOD &#8211; VI\u1ec6T NAM<\/strong><br \/>\n1: H\u1ed7 tr\u1ee3 ki\u1ec3m so\u00e1t c\u00e2n n\u1eb7ng v\u00e0 gi\u1eef d\u00e1ng hi\u1ec7u qu\u1ea3<br \/>\n2: Thanh l\u1ecdc c\u01a1 th\u1ec3, h\u1ed7 tr\u1ee3 lo\u1ea1i b\u1ecf ch\u1ea5t th\u1ea3i v\u00e0 c\u00e1c h\u1ee3p ch\u1ea5t kh\u00f4ng mong mu\u1ed1n kh\u00e1c<br \/>\n3: Gi\u1ea3m c\u1ea3m gi\u00e1c th\u00e8m \u0103n<br \/>\n4: H\u1ed7 tr\u1ee3 qu\u00e1 tr\u00ecnh trao \u0111\u1ed5i ch\u1ea5t<br \/>\n5: B\u1ed5 sung nhi\u1ec1u kho\u00e1ng ch\u1ea5t cho cho c\u01a1 th\u1ec3<br \/>\nKH\u00d4NG CH\u1ea4T B\u1ea2O QU\u1ea2N, KH\u00d4NG CH\u1ea4T T\u1ea0O M\u00c0U, KH\u00d4NG CH\u1ea4T PH\u1ee4 GIA<br \/>\n&#8212;&#8212;&#8212;&#8212;&#8212;&#8212;&#8212;&#8212;&#8212;&#8212;&#8212;&#8212;&#8212;&#8212;&#8212;&#8212;&#8212;&#8212;&#8212;&#8212;&#8212;&#8212;&#8212;&#8212;&#8212;&#8212;&#8212;&#8212;&#8212;&#8212;<br \/>\nShip h\u00e0ng to\u00e0n qu\u1ed1c, h\u1ed7 tr\u1ee3 ph\u00ed ship \u01b0u \u0111\u00e3i<br \/>\nT\u00e2y Nguy\u00ean Food Vi\u1ec7t Nam &#8211; V\u00ec l\u1ee3i \u00edch s\u1ee9c kh\u1ecfe kh\u00e1ch h\u00e0ng!<br \/>\n\u2705 N\u1ebfu b\u1ea1n g\u1eb7p ph\u1ea3i b\u1ea5t c\u1ee9 \u0111i\u1ec1u g\u00ec kh\u00f4ng h\u00e0i l\u00f2ng v\u1ec1 s\u1ea3n ph\u1ea9m, xin \u0111\u1eebng v\u1ed9i \u0111\u01b0a ra nh\u1eadn x\u00e9t m\u00e0 h\u00e3y li\u00ean h\u1ec7 v\u1edbi ch\u00fang t\u00f4i \u0111\u1ec3 \u0111\u01b0\u1ee3c gi\u1ea3i quy\u1ebft b\u1ea1n nh\u00e9!<br \/>\n\u2705 N\u1ebfu c\u00f3 tr\u01b0\u1eddng h\u1ee3p ch\u00fang t\u00f4i g\u1eedi nh\u1ea7m h\u00e0ng ho\u1eb7c s\u1ea3n ph\u1ea9m c\u00f3 l\u1ed7i, xin b\u1ea1n h\u00e3y th\u00f4ng b\u00e1o ngay \u0111\u1ec3 \u0111\u01b0\u1ee3c h\u1ed7 tr\u1ee3, ch\u00fang t\u00f4i xin ch\u00e2n th\u00e0nh c\u1ea3m \u01a1n b\u1ea1n.<\/p>\n<p>&nbsp;<\/p>\n","protected":false},"excerpt":{"rendered":"<p>B\u00c1NH TR\u00c1NG G\u1ea0O L\u1ee8T &#8211; LINH H\u1ed2N CHO C\u00c1C M\u00d3N CU\u1ed0N \u0110\u1ea4T VI\u1ec6T B\u00e1nh tr\u00e1ng g\u1ea1o l\u1ee9t l\u00e0 lo\u1ea1i b\u00e1nh \u0111\u01b0\u1ee3c l\u00e0m t\u1eeb b\u1ed9t g\u1ea1o l\u1ee9t, tinh b\u1ed9t s\u1eafn \u0111\u01b0\u1ee3c tr\u00e1ng m\u1ecfng v\u00e0 ph\u01a1i kh\u00f4. B\u00e1nh c\u00f3 m\u00e0u n\u00e2u nh\u1ea1t (g\u1ea7n nh\u01b0 m\u00e0u be n\u00e2u), \u0111\u1ed9 d\u00e0y v\u1eeba ph\u1ea3i, dai v\u00e0 d\u1ec5 cu\u1ed1n. B\u00e1nh \u0111\u01b0\u1ee3c [&hellip;]<\/p>\n","protected":false},"featured_media":23100,"comment_status":"open","ping_status":"closed","template":"","meta":[],"product_cat":[15],"product_tag":[],"class_list":["post-23099","product","type-product","status-publish","has-post-thumbnail","hentry","product_cat-uncategorized"],"yoast_head":"<!-- This site is optimized with the Yoast SEO plugin v21.6 - https:\/\/yoast.com\/wordpress\/plugins\/seo\/ -->\n<title>B\u00e1nh Tr\u00e1ng G\u1ea1o L\u1ee9t - T\u00e2y Nguy\u00ean Food - Vi\u1ec7t Nam<\/title>\n<meta name=\"robots\" content=\"index, follow, max-snippet:-1, max-image-preview:large, max-video-preview:-1\" \/>\n<link rel=\"canonical\" href=\"https:\/\/taynguyenfood.danabus.vn\/index.php\/product\/banh-trang-gao-lut\/\" \/>\n<meta property=\"og:locale\" content=\"vi_VN\" \/>\n<meta property=\"og:type\" content=\"article\" \/>\n<meta property=\"og:title\" content=\"B\u00e1nh Tr\u00e1ng G\u1ea1o L\u1ee9t - T\u00e2y Nguy\u00ean Food - Vi\u1ec7t Nam\" \/>\n<meta property=\"og:description\" content=\"B\u00c1NH TR\u00c1NG G\u1ea0O L\u1ee8T &#8211; LINH H\u1ed2N CHO C\u00c1C M\u00d3N CU\u1ed0N \u0110\u1ea4T VI\u1ec6T B\u00e1nh tr\u00e1ng g\u1ea1o l\u1ee9t l\u00e0 lo\u1ea1i b\u00e1nh \u0111\u01b0\u1ee3c l\u00e0m t\u1eeb b\u1ed9t g\u1ea1o l\u1ee9t, tinh b\u1ed9t s\u1eafn \u0111\u01b0\u1ee3c tr\u00e1ng m\u1ecfng v\u00e0 ph\u01a1i kh\u00f4. B\u00e1nh c\u00f3 m\u00e0u n\u00e2u nh\u1ea1t (g\u1ea7n nh\u01b0 m\u00e0u be n\u00e2u), \u0111\u1ed9 d\u00e0y v\u1eeba ph\u1ea3i, dai v\u00e0 d\u1ec5 cu\u1ed1n. B\u00e1nh \u0111\u01b0\u1ee3c [&hellip;]\" \/>\n<meta property=\"og:url\" content=\"https:\/\/taynguyenfood.danabus.vn\/index.php\/product\/banh-trang-gao-lut\/\" \/>\n<meta property=\"og:site_name\" content=\"T\u00e2y Nguy\u00ean Food - Vi\u1ec7t Nam\" \/>\n<meta property=\"article:modified_time\" content=\"2023-12-13T13:32:39+00:00\" \/>\n<meta property=\"og:image\" content=\"https:\/\/taynguyenfood.danabus.vn\/wp-content\/uploads\/2023\/12\/banh-trang-gao-lut-01.webp\" \/>\n\t<meta property=\"og:image:width\" content=\"480\" \/>\n\t<meta property=\"og:image:height\" content=\"480\" \/>\n\t<meta property=\"og:image:type\" content=\"image\/webp\" \/>\n<meta name=\"twitter:card\" content=\"summary_large_image\" \/>\n<meta name=\"twitter:label1\" content=\"\u01af\u1edbc t\u00ednh th\u1eddi gian \u0111\u1ecdc\" \/>\n\t<meta name=\"twitter:data1\" content=\"3 ph\u00fat\" \/>\n<script type=\"application\/ld+json\" class=\"yoast-schema-graph\">{\"@context\":\"https:\/\/schema.org\",\"@graph\":[{\"@type\":\"WebPage\",\"@id\":\"https:\/\/taynguyenfood.danabus.vn\/index.php\/product\/banh-trang-gao-lut\/\",\"url\":\"https:\/\/taynguyenfood.danabus.vn\/index.php\/product\/banh-trang-gao-lut\/\",\"name\":\"B\u00e1nh Tr\u00e1ng G\u1ea1o L\u1ee9t - T\u00e2y Nguy\u00ean Food - Vi\u1ec7t Nam\",\"isPartOf\":{\"@id\":\"https:\/\/taynguyenfood.danabus.vn\/#website\"},\"datePublished\":\"2023-12-07T03:12:00+00:00\",\"dateModified\":\"2023-12-13T13:32:39+00:00\",\"breadcrumb\":{\"@id\":\"https:\/\/taynguyenfood.danabus.vn\/index.php\/product\/banh-trang-gao-lut\/#breadcrumb\"},\"inLanguage\":\"vi\",\"potentialAction\":[{\"@type\":\"ReadAction\",\"target\":[\"https:\/\/taynguyenfood.danabus.vn\/index.php\/product\/banh-trang-gao-lut\/\"]}]},{\"@type\":\"BreadcrumbList\",\"@id\":\"https:\/\/taynguyenfood.danabus.vn\/index.php\/product\/banh-trang-gao-lut\/#breadcrumb\",\"itemListElement\":[{\"@type\":\"ListItem\",\"position\":1,\"name\":\"Home\",\"item\":\"https:\/\/taynguyenfood.danabus.vn\/\"},{\"@type\":\"ListItem\",\"position\":2,\"name\":\"Products\",\"item\":\"https:\/\/taynguyenfood.danabus.vn\/index.php\/shop\/\"},{\"@type\":\"ListItem\",\"position\":3,\"name\":\"B\u00e1nh Tr\u00e1ng G\u1ea1o L\u1ee9t\"}]},{\"@type\":\"WebSite\",\"@id\":\"https:\/\/taynguyenfood.danabus.vn\/#website\",\"url\":\"https:\/\/taynguyenfood.danabus.vn\/\",\"name\":\"T\u00e2y Nguy\u00ean Food - Vi\u1ec7t Nam\",\"description\":\"\",\"publisher\":{\"@id\":\"https:\/\/taynguyenfood.danabus.vn\/#organization\"},\"potentialAction\":[{\"@type\":\"SearchAction\",\"target\":{\"@type\":\"EntryPoint\",\"urlTemplate\":\"https:\/\/taynguyenfood.danabus.vn\/?s={search_term_string}\"},\"query-input\":\"required name=search_term_string\"}],\"inLanguage\":\"vi\"},{\"@type\":\"Organization\",\"@id\":\"https:\/\/taynguyenfood.danabus.vn\/#organization\",\"name\":\"T\u00e2y Nguy\u00ean Food - Vi\u1ec7t Nam\",\"url\":\"https:\/\/taynguyenfood.danabus.vn\/\",\"logo\":{\"@type\":\"ImageObject\",\"inLanguage\":\"vi\",\"@id\":\"https:\/\/taynguyenfood.danabus.vn\/#\/schema\/logo\/image\/\",\"url\":\"https:\/\/taynguyenfood.danabus.vn\/wp-content\/uploads\/2023\/12\/Logo-with-slogan-1.png\",\"contentUrl\":\"https:\/\/taynguyenfood.danabus.vn\/wp-content\/uploads\/2023\/12\/Logo-with-slogan-1.png\",\"width\":1679,\"height\":1667,\"caption\":\"T\u00e2y Nguy\u00ean Food - Vi\u1ec7t Nam\"},\"image\":{\"@id\":\"https:\/\/taynguyenfood.danabus.vn\/#\/schema\/logo\/image\/\"}}]}<\/script>\n<!-- \/ Yoast SEO plugin. -->","yoast_head_json":{"title":"B\u00e1nh Tr\u00e1ng G\u1ea1o L\u1ee9t - T\u00e2y Nguy\u00ean Food - Vi\u1ec7t Nam","robots":{"index":"index","follow":"follow","max-snippet":"max-snippet:-1","max-image-preview":"max-image-preview:large","max-video-preview":"max-video-preview:-1"},"canonical":"https:\/\/taynguyenfood.danabus.vn\/index.php\/product\/banh-trang-gao-lut\/","og_locale":"vi_VN","og_type":"article","og_title":"B\u00e1nh Tr\u00e1ng G\u1ea1o L\u1ee9t - T\u00e2y Nguy\u00ean Food - Vi\u1ec7t Nam","og_description":"B\u00c1NH TR\u00c1NG G\u1ea0O L\u1ee8T &#8211; LINH H\u1ed2N CHO C\u00c1C M\u00d3N CU\u1ed0N \u0110\u1ea4T VI\u1ec6T B\u00e1nh tr\u00e1ng g\u1ea1o l\u1ee9t l\u00e0 lo\u1ea1i b\u00e1nh \u0111\u01b0\u1ee3c l\u00e0m t\u1eeb b\u1ed9t g\u1ea1o l\u1ee9t, tinh b\u1ed9t s\u1eafn \u0111\u01b0\u1ee3c tr\u00e1ng m\u1ecfng v\u00e0 ph\u01a1i kh\u00f4. B\u00e1nh c\u00f3 m\u00e0u n\u00e2u nh\u1ea1t (g\u1ea7n nh\u01b0 m\u00e0u be n\u00e2u), \u0111\u1ed9 d\u00e0y v\u1eeba ph\u1ea3i, dai v\u00e0 d\u1ec5 cu\u1ed1n. B\u00e1nh \u0111\u01b0\u1ee3c [&hellip;]","og_url":"https:\/\/taynguyenfood.danabus.vn\/index.php\/product\/banh-trang-gao-lut\/","og_site_name":"T\u00e2y Nguy\u00ean Food - Vi\u1ec7t Nam","article_modified_time":"2023-12-13T13:32:39+00:00","og_image":[{"width":480,"height":480,"url":"https:\/\/taynguyenfood.danabus.vn\/wp-content\/uploads\/2023\/12\/banh-trang-gao-lut-01.webp","type":"image\/webp"}],"twitter_card":"summary_large_image","twitter_misc":{"\u01af\u1edbc t\u00ednh th\u1eddi gian \u0111\u1ecdc":"3 ph\u00fat"},"schema":{"@context":"https:\/\/schema.org","@graph":[{"@type":"WebPage","@id":"https:\/\/taynguyenfood.danabus.vn\/index.php\/product\/banh-trang-gao-lut\/","url":"https:\/\/taynguyenfood.danabus.vn\/index.php\/product\/banh-trang-gao-lut\/","name":"B\u00e1nh Tr\u00e1ng G\u1ea1o L\u1ee9t - T\u00e2y Nguy\u00ean Food - Vi\u1ec7t Nam","isPartOf":{"@id":"https:\/\/taynguyenfood.danabus.vn\/#website"},"datePublished":"2023-12-07T03:12:00+00:00","dateModified":"2023-12-13T13:32:39+00:00","breadcrumb":{"@id":"https:\/\/taynguyenfood.danabus.vn\/index.php\/product\/banh-trang-gao-lut\/#breadcrumb"},"inLanguage":"vi","potentialAction":[{"@type":"ReadAction","target":["https:\/\/taynguyenfood.danabus.vn\/index.php\/product\/banh-trang-gao-lut\/"]}]},{"@type":"BreadcrumbList","@id":"https:\/\/taynguyenfood.danabus.vn\/index.php\/product\/banh-trang-gao-lut\/#breadcrumb","itemListElement":[{"@type":"ListItem","position":1,"name":"Home","item":"https:\/\/taynguyenfood.danabus.vn\/"},{"@type":"ListItem","position":2,"name":"Products","item":"https:\/\/taynguyenfood.danabus.vn\/index.php\/shop\/"},{"@type":"ListItem","position":3,"name":"B\u00e1nh Tr\u00e1ng G\u1ea1o L\u1ee9t"}]},{"@type":"WebSite","@id":"https:\/\/taynguyenfood.danabus.vn\/#website","url":"https:\/\/taynguyenfood.danabus.vn\/","name":"T\u00e2y Nguy\u00ean Food - Vi\u1ec7t Nam","description":"","publisher":{"@id":"https:\/\/taynguyenfood.danabus.vn\/#organization"},"potentialAction":[{"@type":"SearchAction","target":{"@type":"EntryPoint","urlTemplate":"https:\/\/taynguyenfood.danabus.vn\/?s={search_term_string}"},"query-input":"required name=search_term_string"}],"inLanguage":"vi"},{"@type":"Organization","@id":"https:\/\/taynguyenfood.danabus.vn\/#organization","name":"T\u00e2y Nguy\u00ean Food - Vi\u1ec7t Nam","url":"https:\/\/taynguyenfood.danabus.vn\/","logo":{"@type":"ImageObject","inLanguage":"vi","@id":"https:\/\/taynguyenfood.danabus.vn\/#\/schema\/logo\/image\/","url":"https:\/\/taynguyenfood.danabus.vn\/wp-content\/uploads\/2023\/12\/Logo-with-slogan-1.png","contentUrl":"https:\/\/taynguyenfood.danabus.vn\/wp-content\/uploads\/2023\/12\/Logo-with-slogan-1.png","width":1679,"height":1667,"caption":"T\u00e2y Nguy\u00ean Food - Vi\u1ec7t Nam"},"image":{"@id":"https:\/\/taynguyenfood.danabus.vn\/#\/schema\/logo\/image\/"}}]}},"_links":{"self":[{"href":"https:\/\/taynguyenfood.danabus.vn\/index.php\/wp-json\/wp\/v2\/product\/23099","targetHints":{"allow":["GET"]}}],"collection":[{"href":"https:\/\/taynguyenfood.danabus.vn\/index.php\/wp-json\/wp\/v2\/product"}],"about":[{"href":"https:\/\/taynguyenfood.danabus.vn\/index.php\/wp-json\/wp\/v2\/types\/product"}],"replies":[{"embeddable":true,"href":"https:\/\/taynguyenfood.danabus.vn\/index.php\/wp-json\/wp\/v2\/comments?post=23099"}],"wp:featuredmedia":[{"embeddable":true,"href":"https:\/\/taynguyenfood.danabus.vn\/index.php\/wp-json\/wp\/v2\/media\/23100"}],"wp:attachment":[{"href":"https:\/\/taynguyenfood.danabus.vn\/index.php\/wp-json\/wp\/v2\/media?parent=23099"}],"wp:term":[{"taxonomy":"product_cat","embeddable":true,"href":"https:\/\/taynguyenfood.danabus.vn\/index.php\/wp-json\/wp\/v2\/product_cat?post=23099"},{"taxonomy":"product_tag","embeddable":true,"href":"https:\/\/taynguyenfood.danabus.vn\/index.php\/wp-json\/wp\/v2\/product_tag?post=23099"}],"curies":[{"name":"wp","href":"https:\/\/api.w.org\/{rel}","templated":true}]}}