{"id":23848,"date":"2023-12-17T13:24:31","date_gmt":"2023-12-17T06:24:31","guid":{"rendered":"https:\/\/taynguyenfood.danabus.vn\/?page_id=23848"},"modified":"2023-12-17T17:15:10","modified_gmt":"2023-12-17T10:15:10","slug":"pr-online-2","status":"publish","type":"page","link":"https:\/\/taynguyenfood.danabus.vn\/index.php\/pr-online-2\/","title":{"rendered":"PR Online"},"content":{"rendered":"\t\t<div data-elementor-type=\"wp-page\" data-elementor-id=\"23848\" class=\"elementor elementor-23848\">\n\t\t\t\t\t\t\t<div class=\"elementor-element elementor-element-a63eb91 e-con-full e-flex e-con e-parent\" data-id=\"a63eb91\" data-element_type=\"container\" data-settings=\"{&quot;content_width&quot;:&quot;full&quot;}\" data-core-v316-plus=\"true\">\n\t\t\t\t<div class=\"elementor-element elementor-element-3492afd elementor-widget__width-initial elementor-widget elementor-widget-image\" data-id=\"3492afd\" data-element_type=\"widget\" data-widget_type=\"image.default\">\n\t\t\t\t<div class=\"elementor-widget-container\">\n\t\t\t<style>\/*! elementor - v3.18.0 - 06-12-2023 *\/\n.elementor-widget-image{text-align:center}.elementor-widget-image a{display:inline-block}.elementor-widget-image a img[src$=\".svg\"]{width:48px}.elementor-widget-image img{vertical-align:middle;display:inline-block}<\/style>\t\t\t\t\t\t\t\t\t\t\t\t\t<a href=\"https:\/\/taynguyenfood.danabus.vn\/index.php\/2023\/12\/09\/cung-tay-nguyen-food-che-bien-banh-trang-chi-5-phut\/\">\n\t\t\t\t\t\t\t<img fetchpriority=\"high\" decoding=\"async\" width=\"1242\" height=\"700\" src=\"https:\/\/taynguyenfood.danabus.vn\/wp-content\/uploads\/2023\/12\/banh-trang-cuon-rau-cu-1242x700.jpg\" class=\"attachment-tmpmela-blog-posts-list size-tmpmela-blog-posts-list wp-image-23803\" alt=\"banh-trang-cuon-rau-cu\" \/>\t\t\t\t\t\t\t\t<\/a>\n\t\t\t\t\t\t\t\t\t\t\t\t\t\t\t<\/div>\n\t\t\t\t<\/div>\n\t\t\t\t<div class=\"elementor-element elementor-element-15fc22c elementor-widget elementor-widget-text-editor\" data-id=\"15fc22c\" data-element_type=\"widget\" data-widget_type=\"text-editor.default\">\n\t\t\t\t<div class=\"elementor-widget-container\">\n\t\t\t<style>\/*! elementor - v3.18.0 - 06-12-2023 *\/\n.elementor-widget-text-editor.elementor-drop-cap-view-stacked .elementor-drop-cap{background-color:#69727d;color:#fff}.elementor-widget-text-editor.elementor-drop-cap-view-framed .elementor-drop-cap{color:#69727d;border:3px solid;background-color:transparent}.elementor-widget-text-editor:not(.elementor-drop-cap-view-default) .elementor-drop-cap{margin-top:8px}.elementor-widget-text-editor:not(.elementor-drop-cap-view-default) .elementor-drop-cap-letter{width:1em;height:1em}.elementor-widget-text-editor .elementor-drop-cap{float:left;text-align:center;line-height:1;font-size:50px}.elementor-widget-text-editor .elementor-drop-cap-letter{display:inline-block}<\/style>\t\t\t\t<h5 class=\"entry-title-main\" style=\"text-align: center;\"><a href=\"https:\/\/taynguyenfood.danabus.vn\/index.php\/2023\/12\/09\/cung-tay-nguyen-food-che-bien-banh-trang-chi-5-phut\/\">C\u00d9NG T\u00c2Y NGUY\u00caN FOOD CH\u1ebe BI\u1ebeN B\u00c1NH TR\u00c1NG \u201cCH\u1ec8 5 PH\u00daT\u201d<\/a><\/h5>\t\t\t\t\t\t<\/div>\n\t\t\t\t<\/div>\n\t\t\t\t<\/div>\n\t\t<div class=\"elementor-element elementor-element-fb81b0d e-flex e-con-boxed e-con e-parent\" data-id=\"fb81b0d\" data-element_type=\"container\" data-settings=\"{&quot;content_width&quot;:&quot;boxed&quot;}\" data-core-v316-plus=\"true\">\n\t\t\t\t\t<div class=\"e-con-inner\">\n\t\t\t\t<div class=\"elementor-element elementor-element-3a02194 elementor-widget elementor-widget-image\" data-id=\"3a02194\" data-element_type=\"widget\" data-widget_type=\"image.default\">\n\t\t\t\t<div class=\"elementor-widget-container\">\n\t\t\t\t\t\t\t\t\t\t\t\t\t\t\t\t<a href=\"https:\/\/taynguyenfood.danabus.vn\/index.php\/2023\/12\/09\/banh-trang-nao-phu-hop-cho-nguoi-an-eat-clean\/\">\n\t\t\t\t\t\t\t<img decoding=\"async\" width=\"474\" height=\"270\" src=\"https:\/\/taynguyenfood.danabus.vn\/wp-content\/uploads\/2023\/12\/banh-trang-cho-nguoi-an-eat-clean-474x270.png\" class=\"attachment-post-thumbnail size-post-thumbnail wp-image-23972\" alt=\"banh-trang-cho-nguoi-an-eat-clean\" \/>\t\t\t\t\t\t\t\t<\/a>\n\t\t\t\t\t\t\t\t\t\t\t\t\t\t\t<\/div>\n\t\t\t\t<\/div>\n\t\t\t\t\t<\/div>\n\t\t\t\t<\/div>\n\t\t<div class=\"elementor-element elementor-element-8c416df e-con-full e-flex e-con e-parent\" data-id=\"8c416df\" data-element_type=\"container\" data-settings=\"{&quot;content_width&quot;:&quot;full&quot;}\" data-core-v316-plus=\"true\">\n\t\t\t\t<div class=\"elementor-element elementor-element-51fbcd1 elementor-widget elementor-widget-text-editor\" data-id=\"51fbcd1\" data-element_type=\"widget\" data-widget_type=\"text-editor.default\">\n\t\t\t\t<div class=\"elementor-widget-container\">\n\t\t\t\t\t\t\t<h5 style=\"text-align: center;\"><a href=\"https:\/\/taynguyenfood.danabus.vn\/index.php\/2023\/12\/09\/banh-trang-nao-phu-hop-cho-nguoi-an-eat-clean\/\">B\u00c1NH TR\u00c1NG N\u00c0O PH\u00d9 H\u1ee2P CHO NG\u01af\u1edcI \u0102N EAT CLEAN?<\/a><\/h5>\t\t\t\t\t\t<\/div>\n\t\t\t\t<\/div>\n\t\t\t\t<\/div>\n\t\t<div class=\"elementor-element elementor-element-4a6be49 e-con-full e-flex e-con e-parent\" data-id=\"4a6be49\" data-element_type=\"container\" data-settings=\"{&quot;content_width&quot;:&quot;full&quot;}\" data-core-v316-plus=\"true\">\n\t\t\t\t<div class=\"elementor-element elementor-element-a2fb4e9 elementor-widget__width-initial elementor-widget elementor-widget-image\" data-id=\"a2fb4e9\" data-element_type=\"widget\" data-widget_type=\"image.default\">\n\t\t\t\t<div class=\"elementor-widget-container\">\n\t\t\t\t\t\t\t\t\t\t\t\t\t\t\t\t<a href=\"https:\/\/taynguyenfood.danabus.vn\/index.php\/2023\/12\/09\/tai-sao-nen-mua-banh-trang-rau-cu-gao-lut\/\">\n\t\t\t\t\t\t\t<img decoding=\"async\" width=\"838\" height=\"573\" src=\"https:\/\/taynguyenfood.danabus.vn\/wp-content\/uploads\/2023\/12\/Loi-ich-cua-banh-trang-rau-cu-va-gao-lut.png\" class=\"attachment-tmpmela-blog-posts-list size-tmpmela-blog-posts-list wp-image-23777\" alt=\"Loi-ich-cua-banh-trang-rau-cu-va-gao-lut\" srcset=\"https:\/\/taynguyenfood.danabus.vn\/wp-content\/uploads\/2023\/12\/Loi-ich-cua-banh-trang-rau-cu-va-gao-lut.png 838w, https:\/\/taynguyenfood.danabus.vn\/wp-content\/uploads\/2023\/12\/Loi-ich-cua-banh-trang-rau-cu-va-gao-lut-300x205.png 300w, https:\/\/taynguyenfood.danabus.vn\/wp-content\/uploads\/2023\/12\/Loi-ich-cua-banh-trang-rau-cu-va-gao-lut-768x525.png 768w, https:\/\/taynguyenfood.danabus.vn\/wp-content\/uploads\/2023\/12\/Loi-ich-cua-banh-trang-rau-cu-va-gao-lut-24x16.png 24w, https:\/\/taynguyenfood.danabus.vn\/wp-content\/uploads\/2023\/12\/Loi-ich-cua-banh-trang-rau-cu-va-gao-lut-36x25.png 36w, https:\/\/taynguyenfood.danabus.vn\/wp-content\/uploads\/2023\/12\/Loi-ich-cua-banh-trang-rau-cu-va-gao-lut-48x33.png 48w, https:\/\/taynguyenfood.danabus.vn\/wp-content\/uploads\/2023\/12\/Loi-ich-cua-banh-trang-rau-cu-va-gao-lut-600x410.png 600w\" sizes=\"(max-width: 838px) 100vw, 838px\" \/>\t\t\t\t\t\t\t\t<\/a>\n\t\t\t\t\t\t\t\t\t\t\t\t\t\t\t<\/div>\n\t\t\t\t<\/div>\n\t\t\t\t<div class=\"elementor-element elementor-element-59d6e94 elementor-widget elementor-widget-text-editor\" data-id=\"59d6e94\" data-element_type=\"widget\" data-widget_type=\"text-editor.default\">\n\t\t\t\t<div class=\"elementor-widget-container\">\n\t\t\t\t\t\t\t<h5 class=\"entry-title-main\" style=\"text-align: center;\"><a href=\"https:\/\/taynguyenfood.danabus.vn\/index.php\/2023\/12\/09\/tai-sao-nen-mua-banh-trang-rau-cu-gao-lut\/\">T\u1ea0I SAO N\u00caN MUA B\u00c1NH TR\u00c1NG RAU C\u1ee6, G\u1ea0O L\u1ee8T<\/a><\/h5>\t\t\t\t\t\t<\/div>\n\t\t\t\t<\/div>\n\t\t\t\t<\/div>\n\t\t<div class=\"elementor-element elementor-element-e2d5e5f e-con-full e-flex e-con e-parent\" data-id=\"e2d5e5f\" data-element_type=\"container\" data-settings=\"{&quot;content_width&quot;:&quot;full&quot;}\" data-core-v316-plus=\"true\">\n\t\t\t\t<div class=\"elementor-element elementor-element-59b8caf elementor-widget__width-initial elementor-widget elementor-widget-image\" data-id=\"59b8caf\" data-element_type=\"widget\" data-widget_type=\"image.default\">\n\t\t\t\t<div class=\"elementor-widget-container\">\n\t\t\t\t\t\t\t\t\t\t\t\t\t\t\t\t<a href=\"https:\/\/taynguyenfood.danabus.vn\/index.php\/2023\/12\/15\/ham-luong-calo-co-trong-banh-trang-gao-lut-banh-trang-gao-lut-mang-lai-nhung-loi-ich-gi\/\">\n\t\t\t\t\t\t\t<img loading=\"lazy\" decoding=\"async\" width=\"895\" height=\"596\" src=\"https:\/\/taynguyenfood.danabus.vn\/wp-content\/uploads\/2023\/12\/banh-trang-gao-lut-1024x682.png\" class=\"attachment-large size-large wp-image-23811\" alt=\"Banh-trang-gao-lut-co-bao-nhieu-calo\" srcset=\"https:\/\/taynguyenfood.danabus.vn\/wp-content\/uploads\/2023\/12\/banh-trang-gao-lut-1024x682.png 1024w, https:\/\/taynguyenfood.danabus.vn\/wp-content\/uploads\/2023\/12\/banh-trang-gao-lut-300x200.png 300w, https:\/\/taynguyenfood.danabus.vn\/wp-content\/uploads\/2023\/12\/banh-trang-gao-lut-768x511.png 768w, https:\/\/taynguyenfood.danabus.vn\/wp-content\/uploads\/2023\/12\/banh-trang-gao-lut-24x16.png 24w, https:\/\/taynguyenfood.danabus.vn\/wp-content\/uploads\/2023\/12\/banh-trang-gao-lut-36x24.png 36w, https:\/\/taynguyenfood.danabus.vn\/wp-content\/uploads\/2023\/12\/banh-trang-gao-lut-48x32.png 48w, https:\/\/taynguyenfood.danabus.vn\/wp-content\/uploads\/2023\/12\/banh-trang-gao-lut-600x399.png 600w, https:\/\/taynguyenfood.danabus.vn\/wp-content\/uploads\/2023\/12\/banh-trang-gao-lut.png 1280w\" sizes=\"(max-width: 895px) 100vw, 895px\" \/>\t\t\t\t\t\t\t\t<\/a>\n\t\t\t\t\t\t\t\t\t\t\t\t\t\t\t<\/div>\n\t\t\t\t<\/div>\n\t\t\t\t<div class=\"elementor-element elementor-element-16eaafb elementor-widget elementor-widget-text-editor\" data-id=\"16eaafb\" data-element_type=\"widget\" data-widget_type=\"text-editor.default\">\n\t\t\t\t<div class=\"elementor-widget-container\">\n\t\t\t\t\t\t\t<h5 style=\"text-align: center;\"><a href=\"https:\/\/taynguyenfood.danabus.vn\/index.php\/2023\/12\/15\/ham-luong-calo-co-trong-banh-trang-gao-lut-banh-trang-gao-lut-mang-lai-nhung-loi-ich-gi\/\">H\u00c0M L\u01af\u1ee2NG CALO C\u00d3 TRONG B\u00c1NH TR\u00c1NG G\u1ea0O L\u1ee8T? B\u00c1NH TR\u00c1NG G\u1ea0O L\u1ee8T MANG L\u1ea0I NH\u1eeeNG L\u1ee2I \u00cdCH G\u00cc?<\/a><\/h5>\t\t\t\t\t\t<\/div>\n\t\t\t\t<\/div>\n\t\t\t\t<div class=\"elementor-element elementor-element-1638d55 elementor-widget__width-initial elementor-widget elementor-widget-image\" data-id=\"1638d55\" data-element_type=\"widget\" data-widget_type=\"image.default\">\n\t\t\t\t<div class=\"elementor-widget-container\">\n\t\t\t\t\t\t\t\t\t\t\t\t\t\t\t\t<a href=\"https:\/\/taynguyenfood.danabus.vn\/index.php\/2023\/12\/13\/tro-thanh-nghe-nhan-voi-3-cach-che-bien-banh-trang-mot-cach-nghe-thuat\/\">\n\t\t\t\t\t\t\t<img loading=\"lazy\" decoding=\"async\" width=\"895\" height=\"504\" src=\"https:\/\/taynguyenfood.danabus.vn\/wp-content\/uploads\/2023\/12\/banh-trang-hap-1024x577.jpg\" class=\"attachment-large size-large wp-image-23784\" alt=\"b\u00e1nh tr\u00e1ng h\u1ea5p\" srcset=\"https:\/\/taynguyenfood.danabus.vn\/wp-content\/uploads\/2023\/12\/banh-trang-hap-1024x577.jpg 1024w, https:\/\/taynguyenfood.danabus.vn\/wp-content\/uploads\/2023\/12\/banh-trang-hap-300x169.jpg 300w, https:\/\/taynguyenfood.danabus.vn\/wp-content\/uploads\/2023\/12\/banh-trang-hap-768x433.jpg 768w, https:\/\/taynguyenfood.danabus.vn\/wp-content\/uploads\/2023\/12\/banh-trang-hap-24x14.jpg 24w, https:\/\/taynguyenfood.danabus.vn\/wp-content\/uploads\/2023\/12\/banh-trang-hap-36x20.jpg 36w, https:\/\/taynguyenfood.danabus.vn\/wp-content\/uploads\/2023\/12\/banh-trang-hap-48x27.jpg 48w, https:\/\/taynguyenfood.danabus.vn\/wp-content\/uploads\/2023\/12\/banh-trang-hap-600x338.jpg 600w, https:\/\/taynguyenfood.danabus.vn\/wp-content\/uploads\/2023\/12\/banh-trang-hap.jpg 1200w\" sizes=\"(max-width: 895px) 100vw, 895px\" \/>\t\t\t\t\t\t\t\t<\/a>\n\t\t\t\t\t\t\t\t\t\t\t\t\t\t\t<\/div>\n\t\t\t\t<\/div>\n\t\t\t\t<div class=\"elementor-element elementor-element-7bc6938 elementor-widget elementor-widget-text-editor\" data-id=\"7bc6938\" data-element_type=\"widget\" data-widget_type=\"text-editor.default\">\n\t\t\t\t<div class=\"elementor-widget-container\">\n\t\t\t\t\t\t\t<h5 class=\"entry-title-main\" style=\"text-align: center;\"><a href=\"https:\/\/taynguyenfood.danabus.vn\/index.php\/2023\/12\/13\/tro-thanh-nghe-nhan-voi-3-cach-che-bien-banh-trang-mot-cach-nghe-thuat\/\">TR\u1ede TH\u00c0NH NGH\u1ec6 NH\u00c2N V\u1edaI 3 C\u00c1CH CH\u1ebe BI\u1ebeN B\u00c1NH TR\u00c1NG M\u1ed8T C\u00c1CH NGH\u1ec6 THU\u1eacT<\/a><\/h5>\t\t\t\t\t\t<\/div>\n\t\t\t\t<\/div>\n\t\t\t\t<div class=\"elementor-element elementor-element-9201561 elementor-widget__width-initial elementor-widget elementor-widget-image\" data-id=\"9201561\" data-element_type=\"widget\" data-widget_type=\"image.default\">\n\t\t\t\t<div class=\"elementor-widget-container\">\n\t\t\t\t\t\t\t\t\t\t\t\t\t\t\t\t<a href=\"https:\/\/taynguyenfood.danabus.vn\/index.php\/2023\/12\/12\/5-loi-ich-ma-banh-trang-rau-cu-dem-lai\/\">\n\t\t\t\t\t\t\t<img loading=\"lazy\" decoding=\"async\" width=\"506\" height=\"343\" src=\"https:\/\/taynguyenfood.danabus.vn\/wp-content\/uploads\/2023\/12\/loi-ich-cua-banh-trang-rau-cu.jpg\" class=\"attachment-tmpmela-blog-posts-list size-tmpmela-blog-posts-list wp-image-23989\" alt=\"loi-ich-cua-banh-trang-rau-cu\" srcset=\"https:\/\/taynguyenfood.danabus.vn\/wp-content\/uploads\/2023\/12\/loi-ich-cua-banh-trang-rau-cu.jpg 506w, https:\/\/taynguyenfood.danabus.vn\/wp-content\/uploads\/2023\/12\/loi-ich-cua-banh-trang-rau-cu-300x203.jpg 300w, https:\/\/taynguyenfood.danabus.vn\/wp-content\/uploads\/2023\/12\/loi-ich-cua-banh-trang-rau-cu-24x16.jpg 24w, https:\/\/taynguyenfood.danabus.vn\/wp-content\/uploads\/2023\/12\/loi-ich-cua-banh-trang-rau-cu-36x24.jpg 36w, https:\/\/taynguyenfood.danabus.vn\/wp-content\/uploads\/2023\/12\/loi-ich-cua-banh-trang-rau-cu-48x33.jpg 48w\" sizes=\"(max-width: 506px) 100vw, 506px\" \/>\t\t\t\t\t\t\t\t<\/a>\n\t\t\t\t\t\t\t\t\t\t\t\t\t\t\t<\/div>\n\t\t\t\t<\/div>\n\t\t\t\t<div class=\"elementor-element elementor-element-4653658 elementor-widget elementor-widget-text-editor\" data-id=\"4653658\" data-element_type=\"widget\" data-widget_type=\"text-editor.default\">\n\t\t\t\t<div class=\"elementor-widget-container\">\n\t\t\t\t\t\t\t<h5 class=\"entry-title-main\" style=\"text-align: center;\"><a href=\"https:\/\/taynguyenfood.danabus.vn\/index.php\/2023\/12\/12\/5-loi-ich-ma-banh-trang-rau-cu-dem-lai\/\">5 L\u1ee2I \u00cdCH M\u00c0 B\u00c1NH TR\u00c1NG RAU C\u1ee6 \u0110EM L\u1ea0I<\/a><\/h5>\t\t\t\t\t\t<\/div>\n\t\t\t\t<\/div>\n\t\t\t\t<\/div>\n\t\t<div class=\"elementor-element elementor-element-8b56407 e-con-full e-flex e-con e-parent\" data-id=\"8b56407\" data-element_type=\"container\" data-settings=\"{&quot;content_width&quot;:&quot;full&quot;}\" data-core-v316-plus=\"true\">\n\t\t\t\t<div class=\"elementor-element elementor-element-c46f39e elementor-widget__width-initial elementor-widget elementor-widget-image\" data-id=\"c46f39e\" data-element_type=\"widget\" data-widget_type=\"image.default\">\n\t\t\t\t<div class=\"elementor-widget-container\">\n\t\t\t\t\t\t\t\t\t\t\t\t\t\t\t\t<a href=\"https:\/\/taynguyenfood.danabus.vn\/index.php\/2023\/12\/10\/kham-pha-su-nguyen-chat-va-thom-ngon-banh-trang\/\">\n\t\t\t\t\t\t\t<img loading=\"lazy\" decoding=\"async\" width=\"591\" height=\"270\" src=\"https:\/\/taynguyenfood.danabus.vn\/wp-content\/uploads\/2023\/12\/huong-vi-tu-banh-trang-591x270.png\" class=\"attachment-post-thumbnail size-post-thumbnail wp-image-23732\" alt=\"h\u01b0\u01a1ng v\u1ecb t\u1eeb b\u00e1nh tr\u00e1ng\" \/>\t\t\t\t\t\t\t\t<\/a>\n\t\t\t\t\t\t\t\t\t\t\t\t\t\t\t<\/div>\n\t\t\t\t<\/div>\n\t\t\t\t<div class=\"elementor-element elementor-element-4ac940b elementor-widget elementor-widget-text-editor\" data-id=\"4ac940b\" data-element_type=\"widget\" data-widget_type=\"text-editor.default\">\n\t\t\t\t<div class=\"elementor-widget-container\">\n\t\t\t\t\t\t\t<h5 class=\"entry-title-main\" style=\"text-align: center;\"><a href=\"https:\/\/taynguyenfood.danabus.vn\/index.php\/2023\/12\/10\/kham-pha-su-nguyen-chat-va-thom-ngon-banh-trang\/\">KH\u00c1M PH\u00c1 S\u1ef0 NGUY\u00caN CH\u1ea4T V\u00c0 TH\u01a0M NGON C\u1ee6A B\u00c1NH TR\u00c1NG<\/a><\/h5>\t\t\t\t\t\t<\/div>\n\t\t\t\t<\/div>\n\t\t\t\t<\/div>\n\t\t\t\t\t\t\t<\/div>\n\t\t","protected":false},"excerpt":{"rendered":"<p>C\u00d9NG T\u00c2Y NGUY\u00caN FOOD CH\u1ebe BI\u1ebeN B\u00c1NH TR\u00c1NG \u201cCH\u1ec8 5 PH\u00daT\u201d B\u00c1NH TR\u00c1NG N\u00c0O PH\u00d9 H\u1ee2P CHO NG\u01af\u1edcI \u0102N EAT CLEAN? T\u1ea0I SAO N\u00caN MUA B\u00c1NH TR\u00c1NG RAU C\u1ee6, G\u1ea0O L\u1ee8T H\u00c0M L\u01af\u1ee2NG CALO C\u00d3 TRONG B\u00c1NH TR\u00c1NG G\u1ea0O L\u1ee8T? B\u00c1NH TR\u00c1NG G\u1ea0O L\u1ee8T MANG L\u1ea0I NH\u1eeeNG L\u1ee2I \u00cdCH G\u00cc? TR\u1ede TH\u00c0NH NGH\u1ec6 NH\u00c2N V\u1edaI [&hellip;]<\/p>\n","protected":false},"author":1,"featured_media":0,"parent":0,"menu_order":0,"comment_status":"closed","ping_status":"closed","template":"","meta":{"footnotes":""},"class_list":["post-23848","page","type-page","status-publish","hentry"],"yoast_head":"<!-- This site is optimized with the Yoast SEO plugin v21.6 - https:\/\/yoast.com\/wordpress\/plugins\/seo\/ -->\n<title>PR Online - T\u00e2y Nguy\u00ean Food - Vi\u1ec7t Nam<\/title>\n<meta name=\"robots\" content=\"index, follow, max-snippet:-1, max-image-preview:large, max-video-preview:-1\" \/>\n<link rel=\"canonical\" href=\"http:\/\/taynguyenfood.danabus.vn\/index.php\/pr-online-2\/\" \/>\n<meta property=\"og:locale\" content=\"vi_VN\" \/>\n<meta property=\"og:type\" content=\"article\" \/>\n<meta property=\"og:title\" content=\"PR Online - T\u00e2y Nguy\u00ean Food - Vi\u1ec7t Nam\" \/>\n<meta property=\"og:description\" content=\"C\u00d9NG T\u00c2Y NGUY\u00caN FOOD CH\u1ebe BI\u1ebeN B\u00c1NH TR\u00c1NG \u201cCH\u1ec8 5 PH\u00daT\u201d B\u00c1NH TR\u00c1NG N\u00c0O PH\u00d9 H\u1ee2P CHO NG\u01af\u1edcI \u0102N EAT CLEAN? T\u1ea0I SAO N\u00caN MUA B\u00c1NH TR\u00c1NG RAU C\u1ee6, G\u1ea0O L\u1ee8T H\u00c0M L\u01af\u1ee2NG CALO C\u00d3 TRONG B\u00c1NH TR\u00c1NG G\u1ea0O L\u1ee8T? B\u00c1NH TR\u00c1NG G\u1ea0O L\u1ee8T MANG L\u1ea0I NH\u1eeeNG L\u1ee2I \u00cdCH G\u00cc? TR\u1ede TH\u00c0NH NGH\u1ec6 NH\u00c2N V\u1edaI [&hellip;]\" \/>\n<meta property=\"og:url\" content=\"http:\/\/taynguyenfood.danabus.vn\/index.php\/pr-online-2\/\" \/>\n<meta property=\"og:site_name\" content=\"T\u00e2y Nguy\u00ean Food - Vi\u1ec7t Nam\" \/>\n<meta property=\"article:modified_time\" content=\"2023-12-17T10:15:10+00:00\" \/>\n<meta property=\"og:image\" content=\"http:\/\/taynguyenfood.danabus.vn\/wp-content\/uploads\/2023\/12\/banh-trang-cuon-rau-cu-1242x700.jpg\" \/>\n<meta name=\"twitter:card\" content=\"summary_large_image\" \/>\n<meta name=\"twitter:label1\" content=\"\u01af\u1edbc t\u00ednh th\u1eddi gian \u0111\u1ecdc\" \/>\n\t<meta name=\"twitter:data1\" content=\"2 ph\u00fat\" \/>\n<script type=\"application\/ld+json\" class=\"yoast-schema-graph\">{\"@context\":\"https:\/\/schema.org\",\"@graph\":[{\"@type\":\"WebPage\",\"@id\":\"http:\/\/taynguyenfood.danabus.vn\/index.php\/pr-online-2\/\",\"url\":\"http:\/\/taynguyenfood.danabus.vn\/index.php\/pr-online-2\/\",\"name\":\"PR Online - T\u00e2y Nguy\u00ean Food - Vi\u1ec7t Nam\",\"isPartOf\":{\"@id\":\"https:\/\/taynguyenfood.danabus.vn\/#website\"},\"datePublished\":\"2023-12-17T06:24:31+00:00\",\"dateModified\":\"2023-12-17T10:15:10+00:00\",\"breadcrumb\":{\"@id\":\"http:\/\/taynguyenfood.danabus.vn\/index.php\/pr-online-2\/#breadcrumb\"},\"inLanguage\":\"vi\",\"potentialAction\":[{\"@type\":\"ReadAction\",\"target\":[\"http:\/\/taynguyenfood.danabus.vn\/index.php\/pr-online-2\/\"]}]},{\"@type\":\"BreadcrumbList\",\"@id\":\"http:\/\/taynguyenfood.danabus.vn\/index.php\/pr-online-2\/#breadcrumb\",\"itemListElement\":[{\"@type\":\"ListItem\",\"position\":1,\"name\":\"Home\",\"item\":\"https:\/\/taynguyenfood.danabus.vn\/\"},{\"@type\":\"ListItem\",\"position\":2,\"name\":\"PR Online\"}]},{\"@type\":\"WebSite\",\"@id\":\"https:\/\/taynguyenfood.danabus.vn\/#website\",\"url\":\"https:\/\/taynguyenfood.danabus.vn\/\",\"name\":\"T\u00e2y Nguy\u00ean Food - Vi\u1ec7t Nam\",\"description\":\"\",\"publisher\":{\"@id\":\"https:\/\/taynguyenfood.danabus.vn\/#organization\"},\"potentialAction\":[{\"@type\":\"SearchAction\",\"target\":{\"@type\":\"EntryPoint\",\"urlTemplate\":\"https:\/\/taynguyenfood.danabus.vn\/?s={search_term_string}\"},\"query-input\":\"required name=search_term_string\"}],\"inLanguage\":\"vi\"},{\"@type\":\"Organization\",\"@id\":\"https:\/\/taynguyenfood.danabus.vn\/#organization\",\"name\":\"T\u00e2y Nguy\u00ean Food - Vi\u1ec7t Nam\",\"url\":\"https:\/\/taynguyenfood.danabus.vn\/\",\"logo\":{\"@type\":\"ImageObject\",\"inLanguage\":\"vi\",\"@id\":\"https:\/\/taynguyenfood.danabus.vn\/#\/schema\/logo\/image\/\",\"url\":\"https:\/\/taynguyenfood.danabus.vn\/wp-content\/uploads\/2023\/12\/Logo-with-slogan-1.png\",\"contentUrl\":\"https:\/\/taynguyenfood.danabus.vn\/wp-content\/uploads\/2023\/12\/Logo-with-slogan-1.png\",\"width\":1679,\"height\":1667,\"caption\":\"T\u00e2y Nguy\u00ean Food - Vi\u1ec7t Nam\"},\"image\":{\"@id\":\"https:\/\/taynguyenfood.danabus.vn\/#\/schema\/logo\/image\/\"}}]}<\/script>\n<!-- \/ Yoast SEO plugin. -->","yoast_head_json":{"title":"PR Online - T\u00e2y Nguy\u00ean Food - Vi\u1ec7t Nam","robots":{"index":"index","follow":"follow","max-snippet":"max-snippet:-1","max-image-preview":"max-image-preview:large","max-video-preview":"max-video-preview:-1"},"canonical":"http:\/\/taynguyenfood.danabus.vn\/index.php\/pr-online-2\/","og_locale":"vi_VN","og_type":"article","og_title":"PR Online - T\u00e2y Nguy\u00ean Food - Vi\u1ec7t Nam","og_description":"C\u00d9NG T\u00c2Y NGUY\u00caN FOOD CH\u1ebe BI\u1ebeN B\u00c1NH TR\u00c1NG \u201cCH\u1ec8 5 PH\u00daT\u201d B\u00c1NH TR\u00c1NG N\u00c0O PH\u00d9 H\u1ee2P CHO NG\u01af\u1edcI \u0102N EAT CLEAN? T\u1ea0I SAO N\u00caN MUA B\u00c1NH TR\u00c1NG RAU C\u1ee6, G\u1ea0O L\u1ee8T H\u00c0M L\u01af\u1ee2NG CALO C\u00d3 TRONG B\u00c1NH TR\u00c1NG G\u1ea0O L\u1ee8T? B\u00c1NH TR\u00c1NG G\u1ea0O L\u1ee8T MANG L\u1ea0I NH\u1eeeNG L\u1ee2I \u00cdCH G\u00cc? TR\u1ede TH\u00c0NH NGH\u1ec6 NH\u00c2N V\u1edaI [&hellip;]","og_url":"http:\/\/taynguyenfood.danabus.vn\/index.php\/pr-online-2\/","og_site_name":"T\u00e2y Nguy\u00ean Food - Vi\u1ec7t Nam","article_modified_time":"2023-12-17T10:15:10+00:00","og_image":[{"url":"http:\/\/taynguyenfood.danabus.vn\/wp-content\/uploads\/2023\/12\/banh-trang-cuon-rau-cu-1242x700.jpg"}],"twitter_card":"summary_large_image","twitter_misc":{"\u01af\u1edbc t\u00ednh th\u1eddi gian \u0111\u1ecdc":"2 ph\u00fat"},"schema":{"@context":"https:\/\/schema.org","@graph":[{"@type":"WebPage","@id":"http:\/\/taynguyenfood.danabus.vn\/index.php\/pr-online-2\/","url":"http:\/\/taynguyenfood.danabus.vn\/index.php\/pr-online-2\/","name":"PR Online - T\u00e2y Nguy\u00ean Food - Vi\u1ec7t Nam","isPartOf":{"@id":"https:\/\/taynguyenfood.danabus.vn\/#website"},"datePublished":"2023-12-17T06:24:31+00:00","dateModified":"2023-12-17T10:15:10+00:00","breadcrumb":{"@id":"http:\/\/taynguyenfood.danabus.vn\/index.php\/pr-online-2\/#breadcrumb"},"inLanguage":"vi","potentialAction":[{"@type":"ReadAction","target":["http:\/\/taynguyenfood.danabus.vn\/index.php\/pr-online-2\/"]}]},{"@type":"BreadcrumbList","@id":"http:\/\/taynguyenfood.danabus.vn\/index.php\/pr-online-2\/#breadcrumb","itemListElement":[{"@type":"ListItem","position":1,"name":"Home","item":"https:\/\/taynguyenfood.danabus.vn\/"},{"@type":"ListItem","position":2,"name":"PR Online"}]},{"@type":"WebSite","@id":"https:\/\/taynguyenfood.danabus.vn\/#website","url":"https:\/\/taynguyenfood.danabus.vn\/","name":"T\u00e2y Nguy\u00ean Food - Vi\u1ec7t Nam","description":"","publisher":{"@id":"https:\/\/taynguyenfood.danabus.vn\/#organization"},"potentialAction":[{"@type":"SearchAction","target":{"@type":"EntryPoint","urlTemplate":"https:\/\/taynguyenfood.danabus.vn\/?s={search_term_string}"},"query-input":"required name=search_term_string"}],"inLanguage":"vi"},{"@type":"Organization","@id":"https:\/\/taynguyenfood.danabus.vn\/#organization","name":"T\u00e2y Nguy\u00ean Food - Vi\u1ec7t Nam","url":"https:\/\/taynguyenfood.danabus.vn\/","logo":{"@type":"ImageObject","inLanguage":"vi","@id":"https:\/\/taynguyenfood.danabus.vn\/#\/schema\/logo\/image\/","url":"https:\/\/taynguyenfood.danabus.vn\/wp-content\/uploads\/2023\/12\/Logo-with-slogan-1.png","contentUrl":"https:\/\/taynguyenfood.danabus.vn\/wp-content\/uploads\/2023\/12\/Logo-with-slogan-1.png","width":1679,"height":1667,"caption":"T\u00e2y Nguy\u00ean Food - Vi\u1ec7t Nam"},"image":{"@id":"https:\/\/taynguyenfood.danabus.vn\/#\/schema\/logo\/image\/"}}]}},"_links":{"self":[{"href":"https:\/\/taynguyenfood.danabus.vn\/index.php\/wp-json\/wp\/v2\/pages\/23848","targetHints":{"allow":["GET"]}}],"collection":[{"href":"https:\/\/taynguyenfood.danabus.vn\/index.php\/wp-json\/wp\/v2\/pages"}],"about":[{"href":"https:\/\/taynguyenfood.danabus.vn\/index.php\/wp-json\/wp\/v2\/types\/page"}],"author":[{"embeddable":true,"href":"https:\/\/taynguyenfood.danabus.vn\/index.php\/wp-json\/wp\/v2\/users\/1"}],"replies":[{"embeddable":true,"href":"https:\/\/taynguyenfood.danabus.vn\/index.php\/wp-json\/wp\/v2\/comments?post=23848"}],"version-history":[{"count":101,"href":"https:\/\/taynguyenfood.danabus.vn\/index.php\/wp-json\/wp\/v2\/pages\/23848\/revisions"}],"predecessor-version":[{"id":23992,"href":"https:\/\/taynguyenfood.danabus.vn\/index.php\/wp-json\/wp\/v2\/pages\/23848\/revisions\/23992"}],"wp:attachment":[{"href":"https:\/\/taynguyenfood.danabus.vn\/index.php\/wp-json\/wp\/v2\/media?parent=23848"}],"curies":[{"name":"wp","href":"https:\/\/api.w.org\/{rel}","templated":true}]}}