{"id":23224,"date":"2023-12-07T15:08:47","date_gmt":"2023-12-07T08:08:47","guid":{"rendered":"https:\/\/taynguyenfood.danabus.vn\/?page_id=23224"},"modified":"2023-12-07T15:46:52","modified_gmt":"2023-12-07T08:46:52","slug":"khuyen-mai","status":"publish","type":"page","link":"https:\/\/taynguyenfood.danabus.vn\/index.php\/khuyen-mai\/","title":{"rendered":"Khuy\u1ebfn M\u00e3i"},"content":{"rendered":"\t\t<div data-elementor-type=\"wp-page\" data-elementor-id=\"23224\" class=\"elementor elementor-23224\">\n\t\t\t\t\t\t\t<div class=\"elementor-element elementor-element-85e952c e-con-full e-flex e-con e-parent\" data-id=\"85e952c\" data-element_type=\"container\" data-settings=\"{&quot;content_width&quot;:&quot;full&quot;}\" data-core-v316-plus=\"true\">\n\t\t\t\t<div class=\"elementor-element elementor-element-2fcd810 elementor-widget__width-initial elementor-widget elementor-widget-image\" data-id=\"2fcd810\" data-element_type=\"widget\" data-widget_type=\"image.default\">\n\t\t\t\t<div class=\"elementor-widget-container\">\n\t\t\t<style>\/*! elementor - v3.18.0 - 06-12-2023 *\/\n.elementor-widget-image{text-align:center}.elementor-widget-image a{display:inline-block}.elementor-widget-image a img[src$=\".svg\"]{width:48px}.elementor-widget-image img{vertical-align:middle;display:inline-block}<\/style>\t\t\t\t\t\t\t\t\t\t\t\t<img fetchpriority=\"high\" decoding=\"async\" width=\"895\" height=\"895\" src=\"https:\/\/taynguyenfood.danabus.vn\/wp-content\/uploads\/2023\/12\/b78080971d9db4c3ed8c-1-1024x1024.jpg\" class=\"attachment-large size-large wp-image-23229\" alt=\"\" srcset=\"https:\/\/taynguyenfood.danabus.vn\/wp-content\/uploads\/2023\/12\/b78080971d9db4c3ed8c-1-1024x1024.jpg 1024w, https:\/\/taynguyenfood.danabus.vn\/wp-content\/uploads\/2023\/12\/b78080971d9db4c3ed8c-1-300x300.jpg 300w, https:\/\/taynguyenfood.danabus.vn\/wp-content\/uploads\/2023\/12\/b78080971d9db4c3ed8c-1-150x150.jpg 150w, https:\/\/taynguyenfood.danabus.vn\/wp-content\/uploads\/2023\/12\/b78080971d9db4c3ed8c-1-768x768.jpg 768w, https:\/\/taynguyenfood.danabus.vn\/wp-content\/uploads\/2023\/12\/b78080971d9db4c3ed8c-1-145x145.jpg 145w, https:\/\/taynguyenfood.danabus.vn\/wp-content\/uploads\/2023\/12\/b78080971d9db4c3ed8c-1-50x50.jpg 50w, https:\/\/taynguyenfood.danabus.vn\/wp-content\/uploads\/2023\/12\/b78080971d9db4c3ed8c-1-24x24.jpg 24w, https:\/\/taynguyenfood.danabus.vn\/wp-content\/uploads\/2023\/12\/b78080971d9db4c3ed8c-1-36x36.jpg 36w, https:\/\/taynguyenfood.danabus.vn\/wp-content\/uploads\/2023\/12\/b78080971d9db4c3ed8c-1-48x48.jpg 48w, https:\/\/taynguyenfood.danabus.vn\/wp-content\/uploads\/2023\/12\/b78080971d9db4c3ed8c-1-600x600.jpg 600w, https:\/\/taynguyenfood.danabus.vn\/wp-content\/uploads\/2023\/12\/b78080971d9db4c3ed8c-1-100x100.jpg 100w, https:\/\/taynguyenfood.danabus.vn\/wp-content\/uploads\/2023\/12\/b78080971d9db4c3ed8c-1.jpg 1280w\" sizes=\"(max-width: 895px) 100vw, 895px\" \/>\t\t\t\t\t\t\t\t\t\t\t\t\t\t\t<\/div>\n\t\t\t\t<\/div>\n\t\t\t\t<div class=\"elementor-element elementor-element-77715ef elementor-align-center elementor-widget__width-initial elementor-widget elementor-widget-button\" data-id=\"77715ef\" data-element_type=\"widget\" data-widget_type=\"button.default\">\n\t\t\t\t<div class=\"elementor-widget-container\">\n\t\t\t\t\t<div class=\"elementor-button-wrapper\">\n\t\t\t<a class=\"elementor-button elementor-button-link elementor-size-sm\" href=\"#\">\n\t\t\t\t\t\t<span class=\"elementor-button-content-wrapper\">\n\t\t\t\t\t\t<span class=\"elementor-button-text\">Tham gia ngay<\/span>\n\t\t<\/span>\n\t\t\t\t\t<\/a>\n\t\t<\/div>\n\t\t\t\t<\/div>\n\t\t\t\t<\/div>\n\t\t\t\t<\/div>\n\t\t\t\t\t\t\t<\/div>\n\t\t","protected":false},"excerpt":{"rendered":"<p>Tham gia ngay<\/p>\n","protected":false},"author":1,"featured_media":0,"parent":0,"menu_order":0,"comment_status":"closed","ping_status":"closed","template":"","meta":{"footnotes":""},"class_list":["post-23224","page","type-page","status-publish","hentry"],"yoast_head":"<!-- This site is optimized with the Yoast SEO plugin v21.6 - https:\/\/yoast.com\/wordpress\/plugins\/seo\/ -->\n<title>Khuy\u1ebfn M\u00e3i - T\u00e2y Nguy\u00ean Food - Vi\u1ec7t Nam<\/title>\n<meta name=\"robots\" content=\"index, follow, max-snippet:-1, max-image-preview:large, max-video-preview:-1\" \/>\n<link rel=\"canonical\" href=\"http:\/\/taynguyenfood.danabus.vn\/index.php\/khuyen-mai\/\" \/>\n<meta property=\"og:locale\" content=\"vi_VN\" \/>\n<meta property=\"og:type\" content=\"article\" \/>\n<meta property=\"og:title\" content=\"Khuy\u1ebfn M\u00e3i - T\u00e2y Nguy\u00ean Food - Vi\u1ec7t Nam\" \/>\n<meta property=\"og:description\" content=\"Tham gia ngay\" \/>\n<meta property=\"og:url\" content=\"http:\/\/taynguyenfood.danabus.vn\/index.php\/khuyen-mai\/\" \/>\n<meta property=\"og:site_name\" content=\"T\u00e2y Nguy\u00ean Food - Vi\u1ec7t Nam\" \/>\n<meta property=\"article:modified_time\" content=\"2023-12-07T08:46:52+00:00\" \/>\n<meta property=\"og:image\" content=\"http:\/\/taynguyenfood.danabus.vn\/wp-content\/uploads\/2023\/12\/b78080971d9db4c3ed8c-1-1024x1024.jpg\" \/>\n<meta name=\"twitter:card\" content=\"summary_large_image\" \/>\n<meta name=\"twitter:label1\" content=\"\u01af\u1edbc t\u00ednh th\u1eddi gian \u0111\u1ecdc\" \/>\n\t<meta name=\"twitter:data1\" content=\"1 ph\u00fat\" \/>\n<script type=\"application\/ld+json\" class=\"yoast-schema-graph\">{\"@context\":\"https:\/\/schema.org\",\"@graph\":[{\"@type\":\"WebPage\",\"@id\":\"http:\/\/taynguyenfood.danabus.vn\/index.php\/khuyen-mai\/\",\"url\":\"http:\/\/taynguyenfood.danabus.vn\/index.php\/khuyen-mai\/\",\"name\":\"Khuy\u1ebfn M\u00e3i - T\u00e2y Nguy\u00ean Food - Vi\u1ec7t Nam\",\"isPartOf\":{\"@id\":\"https:\/\/taynguyenfood.danabus.vn\/#website\"},\"datePublished\":\"2023-12-07T08:08:47+00:00\",\"dateModified\":\"2023-12-07T08:46:52+00:00\",\"breadcrumb\":{\"@id\":\"http:\/\/taynguyenfood.danabus.vn\/index.php\/khuyen-mai\/#breadcrumb\"},\"inLanguage\":\"vi\",\"potentialAction\":[{\"@type\":\"ReadAction\",\"target\":[\"http:\/\/taynguyenfood.danabus.vn\/index.php\/khuyen-mai\/\"]}]},{\"@type\":\"BreadcrumbList\",\"@id\":\"http:\/\/taynguyenfood.danabus.vn\/index.php\/khuyen-mai\/#breadcrumb\",\"itemListElement\":[{\"@type\":\"ListItem\",\"position\":1,\"name\":\"Home\",\"item\":\"https:\/\/taynguyenfood.danabus.vn\/\"},{\"@type\":\"ListItem\",\"position\":2,\"name\":\"Khuy\u1ebfn M\u00e3i\"}]},{\"@type\":\"WebSite\",\"@id\":\"https:\/\/taynguyenfood.danabus.vn\/#website\",\"url\":\"https:\/\/taynguyenfood.danabus.vn\/\",\"name\":\"T\u00e2y Nguy\u00ean Food - Vi\u1ec7t Nam\",\"description\":\"\",\"publisher\":{\"@id\":\"https:\/\/taynguyenfood.danabus.vn\/#organization\"},\"potentialAction\":[{\"@type\":\"SearchAction\",\"target\":{\"@type\":\"EntryPoint\",\"urlTemplate\":\"https:\/\/taynguyenfood.danabus.vn\/?s={search_term_string}\"},\"query-input\":\"required name=search_term_string\"}],\"inLanguage\":\"vi\"},{\"@type\":\"Organization\",\"@id\":\"https:\/\/taynguyenfood.danabus.vn\/#organization\",\"name\":\"T\u00e2y Nguy\u00ean Food - Vi\u1ec7t Nam\",\"url\":\"https:\/\/taynguyenfood.danabus.vn\/\",\"logo\":{\"@type\":\"ImageObject\",\"inLanguage\":\"vi\",\"@id\":\"https:\/\/taynguyenfood.danabus.vn\/#\/schema\/logo\/image\/\",\"url\":\"https:\/\/taynguyenfood.danabus.vn\/wp-content\/uploads\/2023\/12\/Logo-with-slogan-1.png\",\"contentUrl\":\"https:\/\/taynguyenfood.danabus.vn\/wp-content\/uploads\/2023\/12\/Logo-with-slogan-1.png\",\"width\":1679,\"height\":1667,\"caption\":\"T\u00e2y Nguy\u00ean Food - Vi\u1ec7t Nam\"},\"image\":{\"@id\":\"https:\/\/taynguyenfood.danabus.vn\/#\/schema\/logo\/image\/\"}}]}<\/script>\n<!-- \/ Yoast SEO plugin. -->","yoast_head_json":{"title":"Khuy\u1ebfn M\u00e3i - T\u00e2y Nguy\u00ean Food - Vi\u1ec7t Nam","robots":{"index":"index","follow":"follow","max-snippet":"max-snippet:-1","max-image-preview":"max-image-preview:large","max-video-preview":"max-video-preview:-1"},"canonical":"http:\/\/taynguyenfood.danabus.vn\/index.php\/khuyen-mai\/","og_locale":"vi_VN","og_type":"article","og_title":"Khuy\u1ebfn M\u00e3i - T\u00e2y Nguy\u00ean Food - Vi\u1ec7t Nam","og_description":"Tham gia ngay","og_url":"http:\/\/taynguyenfood.danabus.vn\/index.php\/khuyen-mai\/","og_site_name":"T\u00e2y Nguy\u00ean Food - Vi\u1ec7t Nam","article_modified_time":"2023-12-07T08:46:52+00:00","og_image":[{"url":"http:\/\/taynguyenfood.danabus.vn\/wp-content\/uploads\/2023\/12\/b78080971d9db4c3ed8c-1-1024x1024.jpg"}],"twitter_card":"summary_large_image","twitter_misc":{"\u01af\u1edbc t\u00ednh th\u1eddi gian \u0111\u1ecdc":"1 ph\u00fat"},"schema":{"@context":"https:\/\/schema.org","@graph":[{"@type":"WebPage","@id":"http:\/\/taynguyenfood.danabus.vn\/index.php\/khuyen-mai\/","url":"http:\/\/taynguyenfood.danabus.vn\/index.php\/khuyen-mai\/","name":"Khuy\u1ebfn M\u00e3i - T\u00e2y Nguy\u00ean Food - Vi\u1ec7t Nam","isPartOf":{"@id":"https:\/\/taynguyenfood.danabus.vn\/#website"},"datePublished":"2023-12-07T08:08:47+00:00","dateModified":"2023-12-07T08:46:52+00:00","breadcrumb":{"@id":"http:\/\/taynguyenfood.danabus.vn\/index.php\/khuyen-mai\/#breadcrumb"},"inLanguage":"vi","potentialAction":[{"@type":"ReadAction","target":["http:\/\/taynguyenfood.danabus.vn\/index.php\/khuyen-mai\/"]}]},{"@type":"BreadcrumbList","@id":"http:\/\/taynguyenfood.danabus.vn\/index.php\/khuyen-mai\/#breadcrumb","itemListElement":[{"@type":"ListItem","position":1,"name":"Home","item":"https:\/\/taynguyenfood.danabus.vn\/"},{"@type":"ListItem","position":2,"name":"Khuy\u1ebfn M\u00e3i"}]},{"@type":"WebSite","@id":"https:\/\/taynguyenfood.danabus.vn\/#website","url":"https:\/\/taynguyenfood.danabus.vn\/","name":"T\u00e2y Nguy\u00ean Food - Vi\u1ec7t Nam","description":"","publisher":{"@id":"https:\/\/taynguyenfood.danabus.vn\/#organization"},"potentialAction":[{"@type":"SearchAction","target":{"@type":"EntryPoint","urlTemplate":"https:\/\/taynguyenfood.danabus.vn\/?s={search_term_string}"},"query-input":"required name=search_term_string"}],"inLanguage":"vi"},{"@type":"Organization","@id":"https:\/\/taynguyenfood.danabus.vn\/#organization","name":"T\u00e2y Nguy\u00ean Food - Vi\u1ec7t Nam","url":"https:\/\/taynguyenfood.danabus.vn\/","logo":{"@type":"ImageObject","inLanguage":"vi","@id":"https:\/\/taynguyenfood.danabus.vn\/#\/schema\/logo\/image\/","url":"https:\/\/taynguyenfood.danabus.vn\/wp-content\/uploads\/2023\/12\/Logo-with-slogan-1.png","contentUrl":"https:\/\/taynguyenfood.danabus.vn\/wp-content\/uploads\/2023\/12\/Logo-with-slogan-1.png","width":1679,"height":1667,"caption":"T\u00e2y Nguy\u00ean Food - Vi\u1ec7t Nam"},"image":{"@id":"https:\/\/taynguyenfood.danabus.vn\/#\/schema\/logo\/image\/"}}]}},"_links":{"self":[{"href":"https:\/\/taynguyenfood.danabus.vn\/index.php\/wp-json\/wp\/v2\/pages\/23224","targetHints":{"allow":["GET"]}}],"collection":[{"href":"https:\/\/taynguyenfood.danabus.vn\/index.php\/wp-json\/wp\/v2\/pages"}],"about":[{"href":"https:\/\/taynguyenfood.danabus.vn\/index.php\/wp-json\/wp\/v2\/types\/page"}],"author":[{"embeddable":true,"href":"https:\/\/taynguyenfood.danabus.vn\/index.php\/wp-json\/wp\/v2\/users\/1"}],"replies":[{"embeddable":true,"href":"https:\/\/taynguyenfood.danabus.vn\/index.php\/wp-json\/wp\/v2\/comments?post=23224"}],"version-history":[{"count":7,"href":"https:\/\/taynguyenfood.danabus.vn\/index.php\/wp-json\/wp\/v2\/pages\/23224\/revisions"}],"predecessor-version":[{"id":23243,"href":"https:\/\/taynguyenfood.danabus.vn\/index.php\/wp-json\/wp\/v2\/pages\/23224\/revisions\/23243"}],"wp:attachment":[{"href":"https:\/\/taynguyenfood.danabus.vn\/index.php\/wp-json\/wp\/v2\/media?parent=23224"}],"curies":[{"name":"wp","href":"https:\/\/api.w.org\/{rel}","templated":true}]}}