{"id":23174,"date":"2023-12-07T11:48:52","date_gmt":"2023-12-07T04:48:52","guid":{"rendered":"https:\/\/taynguyenfood.danabus.vn\/?page_id=23174"},"modified":"2023-12-16T13:48:14","modified_gmt":"2023-12-16T06:48:14","slug":"sang-tao-mon-an-tu-banh-trang","status":"publish","type":"page","link":"https:\/\/taynguyenfood.danabus.vn\/index.php\/sang-tao-mon-an-tu-banh-trang\/","title":{"rendered":"Cu\u1ed9c thi s\u00e1ng t\u1ea1o m\u00f3n \u0103n t\u1eeb b\u00e1nh tr\u00e1ng"},"content":{"rendered":"\t\t<div data-elementor-type=\"wp-page\" data-elementor-id=\"23174\" class=\"elementor elementor-23174\">\n\t\t\t\t\t\t\t<div class=\"elementor-element elementor-element-facdda6 e-con-full e-flex e-con e-parent\" data-id=\"facdda6\" data-element_type=\"container\" data-settings=\"{&quot;content_width&quot;:&quot;full&quot;}\" data-core-v316-plus=\"true\">\n\t\t\t\t<div class=\"elementor-element elementor-element-e863e31 elementor-widget__width-initial elementor-widget elementor-widget-image\" data-id=\"e863e31\" data-element_type=\"widget\" data-widget_type=\"image.default\">\n\t\t\t\t<div class=\"elementor-widget-container\">\n\t\t\t<style>\/*! elementor - v3.18.0 - 06-12-2023 *\/\n.elementor-widget-image{text-align:center}.elementor-widget-image a{display:inline-block}.elementor-widget-image a img[src$=\".svg\"]{width:48px}.elementor-widget-image img{vertical-align:middle;display:inline-block}<\/style>\t\t\t\t\t\t\t\t\t\t\t\t<img fetchpriority=\"high\" decoding=\"async\" width=\"842\" height=\"649\" src=\"https:\/\/taynguyenfood.danabus.vn\/wp-content\/uploads\/2023\/12\/Anh-chup-man-hinh-2023-12-16-133322.png\" class=\"attachment-large size-large wp-image-23837\" alt=\"\" srcset=\"https:\/\/taynguyenfood.danabus.vn\/wp-content\/uploads\/2023\/12\/Anh-chup-man-hinh-2023-12-16-133322.png 842w, https:\/\/taynguyenfood.danabus.vn\/wp-content\/uploads\/2023\/12\/Anh-chup-man-hinh-2023-12-16-133322-300x231.png 300w, https:\/\/taynguyenfood.danabus.vn\/wp-content\/uploads\/2023\/12\/Anh-chup-man-hinh-2023-12-16-133322-768x592.png 768w, https:\/\/taynguyenfood.danabus.vn\/wp-content\/uploads\/2023\/12\/Anh-chup-man-hinh-2023-12-16-133322-24x18.png 24w, https:\/\/taynguyenfood.danabus.vn\/wp-content\/uploads\/2023\/12\/Anh-chup-man-hinh-2023-12-16-133322-36x28.png 36w, https:\/\/taynguyenfood.danabus.vn\/wp-content\/uploads\/2023\/12\/Anh-chup-man-hinh-2023-12-16-133322-48x37.png 48w, https:\/\/taynguyenfood.danabus.vn\/wp-content\/uploads\/2023\/12\/Anh-chup-man-hinh-2023-12-16-133322-600x462.png 600w\" sizes=\"(max-width: 842px) 100vw, 842px\" \/>\t\t\t\t\t\t\t\t\t\t\t\t\t\t\t<\/div>\n\t\t\t\t<\/div>\n\t\t\t\t<\/div>\n\t\t<div class=\"elementor-element elementor-element-5fab2a9 e-flex e-con-boxed e-con e-parent\" data-id=\"5fab2a9\" data-element_type=\"container\" data-settings=\"{&quot;content_width&quot;:&quot;boxed&quot;}\" data-core-v316-plus=\"true\">\n\t\t\t\t\t<div class=\"e-con-inner\">\n\t\t\t\t<div class=\"elementor-element elementor-element-97c193c elementor-widget elementor-widget-heading\" data-id=\"97c193c\" data-element_type=\"widget\" data-widget_type=\"heading.default\">\n\t\t\t\t<div class=\"elementor-widget-container\">\n\t\t\t<style>\/*! elementor - v3.18.0 - 06-12-2023 *\/\n.elementor-heading-title{padding:0;margin:0;line-height:1}.elementor-widget-heading .elementor-heading-title[class*=elementor-size-]>a{color:inherit;font-size:inherit;line-height:inherit}.elementor-widget-heading .elementor-heading-title.elementor-size-small{font-size:15px}.elementor-widget-heading .elementor-heading-title.elementor-size-medium{font-size:19px}.elementor-widget-heading .elementor-heading-title.elementor-size-large{font-size:29px}.elementor-widget-heading .elementor-heading-title.elementor-size-xl{font-size:39px}.elementor-widget-heading .elementor-heading-title.elementor-size-xxl{font-size:59px}<\/style><h2 class=\"elementor-heading-title elementor-size-default\">Th\u1ec3 l\u1ec7 cu\u1ed9c thi<\/h2>\t\t<\/div>\n\t\t\t\t<\/div>\n\t\t\t\t\t<\/div>\n\t\t\t\t<\/div>\n\t\t<div class=\"elementor-element elementor-element-e6711ed e-flex e-con-boxed e-con e-parent\" data-id=\"e6711ed\" data-element_type=\"container\" data-settings=\"{&quot;content_width&quot;:&quot;boxed&quot;}\" data-core-v316-plus=\"true\">\n\t\t\t\t\t<div class=\"e-con-inner\">\n\t\t\t\t<div class=\"elementor-element elementor-element-10f73e0 elementor-widget elementor-widget-text-editor\" data-id=\"10f73e0\" data-element_type=\"widget\" data-widget_type=\"text-editor.default\">\n\t\t\t\t<div class=\"elementor-widget-container\">\n\t\t\t<style>\/*! elementor - v3.18.0 - 06-12-2023 *\/\n.elementor-widget-text-editor.elementor-drop-cap-view-stacked .elementor-drop-cap{background-color:#69727d;color:#fff}.elementor-widget-text-editor.elementor-drop-cap-view-framed .elementor-drop-cap{color:#69727d;border:3px solid;background-color:transparent}.elementor-widget-text-editor:not(.elementor-drop-cap-view-default) .elementor-drop-cap{margin-top:8px}.elementor-widget-text-editor:not(.elementor-drop-cap-view-default) .elementor-drop-cap-letter{width:1em;height:1em}.elementor-widget-text-editor .elementor-drop-cap{float:left;text-align:center;line-height:1;font-size:50px}.elementor-widget-text-editor .elementor-drop-cap-letter{display:inline-block}<\/style>\t\t\t\t<p>&#8211; H\u00ecnh th\u1ee9c \u0111\u0103ng k\u00fd: Ng\u01b0\u1eddi d\u1ef1 thi\u00a0\u0111\u0103ng k\u00fd b\u1eb1ng c\u00e1ch nh\u1eafn tin cho Fanpage ho\u1eb7c \u0111\u0103ng k\u00fd tham gia\u00a0th\u00f4ng qua email\u00a0sau c\u1ee7a ban t\u1ed5 ch\u1ee9c: tnfcuontronyeuthuong@gmail.com<\/p><p>&#8211; C\u00e1ch \u0111\u0103ng b\u00e0i d\u1ef1 thi: Video d\u1ef1 thi \u0111\u01b0\u1ee3c \u0111\u0103ng tr\u00ean trang facebook c\u00e1 nh\u00e2n c\u1ee7a ng\u01b0\u1eddi tham gia d\u1ef1 thi \u1edf ch\u1ebf \u0111\u1ed9 c\u00f4ng khai. B\u00e0i d\u1ef1 thi k\u00e8m theo c\u00e1c hagtag: #taynguyenfood #sangtaomonan #banhtrangraucu #banhtranggaolut #ansach #songkhoe #gankettinhthan<\/p><p>&#8211; Video d\u1ef1 thi s\u1ebd \u0111\u01b0\u1ee3c c\u00f4ng nh\u1eadn khi \u0111\u00e1p \u1ee9ng nh\u1eefng ti\u00eau ch\u00ed sau:<br \/>+ Video c\u00f3 th\u1eddi l\u01b0\u1ee3ng t\u1eeb 5 &#8211; 10 ph\u00fat.<br \/>+ B\u00e0i d\u1ef1 thi ph\u00f9 h\u1ee3p v\u1edbi thu\u1ea7n phong m\u1ef9 t\u1ee5c.<br \/>+ Ng\u01b0\u1eddi d\u1ef1 thi \u0111\u1ea3m b\u1ea3o quy\u1ec1n t\u00e1c ph\u1ea9m.<\/p><p>&#8211; Ph\u01b0\u01a1ng th\u1ee9c \u0111\u00e1nh gi\u00e1 v\u00e0 b\u00ecnh ch\u1ecdn:<br \/>+ 40% s\u1ed1 \u0111i\u1ec3m t\u1eeb b\u00ecnh ch\u1ecdn t\u1eeb online. C\u00e1ch th\u1ee9c ch\u1ea5m:\u00a0<\/p><ul><li>1 react = 1 \u0111i\u1ec3m<\/li><li>1 share = 3 \u0111i\u1ec3m, y\u00eau c\u1ea7u share \u1edf ch\u1ebf \u0111\u1ed9 c\u00f4ng khai, m\u1ed7i t\u00e0i kho\u1ea3n ch\u1ec9 \u0111\u01b0\u1ee3c share 1 l\u1ea7n\/1 ng\u00e0y v\u00e0 t\u00e0i kho\u1ea3n c\u00f3 like fanpage.<\/li><\/ul><p>+ 60% s\u1ed1 \u0111i\u1ec3m t\u1eeb ban gi\u00e1m kh\u1ea3o. C\u00e1ch th\u1ee9c ch\u1ea5m:\u00a0<\/p><ul><li>\u0110\u00fang ch\u1ee7 \u0111\u1ec1, n\u1ed9i dung thu h\u00fat, th\u00f4ng \u0111i\u1ec7p hay v\u00e0 \u00fd ngh\u0129a, c\u00f3 t\u00ednh s\u00e1ng t\u1ea1o.\u00a0<\/li><li>Video c\u00f3 ch\u1ea5t l\u01b0\u1ee3ng \u00e2m thanh t\u1ed1t, h\u00ecnh \u1ea3nh \u0111\u1eb9p, c\u00f3 \u0111\u1ea7u t\u01b0.<\/li><\/ul>\t\t\t\t\t\t<\/div>\n\t\t\t\t<\/div>\n\t\t\t\t\t<\/div>\n\t\t\t\t<\/div>\n\t\t<div class=\"elementor-element elementor-element-c6956bf e-flex e-con-boxed e-con e-parent\" data-id=\"c6956bf\" data-element_type=\"container\" data-settings=\"{&quot;content_width&quot;:&quot;boxed&quot;}\" data-core-v316-plus=\"true\">\n\t\t\t\t\t<div class=\"e-con-inner\">\n\t\t\t\t<div class=\"elementor-element elementor-element-db3ece4 elementor-widget elementor-widget-heading\" data-id=\"db3ece4\" data-element_type=\"widget\" data-widget_type=\"heading.default\">\n\t\t\t\t<div class=\"elementor-widget-container\">\n\t\t\t<h2 class=\"elementor-heading-title elementor-size-default\">Gi\u1ea3i th\u01b0\u1edfng<\/h2>\t\t<\/div>\n\t\t\t\t<\/div>\n\t\t\t\t\t<\/div>\n\t\t\t\t<\/div>\n\t\t<div class=\"elementor-element elementor-element-f91c80c e-flex e-con-boxed e-con e-parent\" data-id=\"f91c80c\" data-element_type=\"container\" data-settings=\"{&quot;content_width&quot;:&quot;boxed&quot;}\" data-core-v316-plus=\"true\">\n\t\t\t\t\t<div class=\"e-con-inner\">\n\t\t\t\t<div class=\"elementor-element elementor-element-86442a1 elementor-widget elementor-widget-text-editor\" data-id=\"86442a1\" data-element_type=\"widget\" data-widget_type=\"text-editor.default\">\n\t\t\t\t<div class=\"elementor-widget-container\">\n\t\t\t\t\t\t\t<p>&#8211; Gi\u1ea3i nh\u1ea5t: 10.000.000 \u0111\u1ed3ng ti\u1ec1n th\u01b0\u1edfng v\u00e0 1 voucher 50%.<br \/>&#8211; Gi\u1ea3i nh\u00ec: 5.000.000 \u0111\u1ed3ng ti\u1ec1n th\u01b0\u1edfng v\u00e0 1 voucher 20%.<br \/>&#8211; Gi\u1ea3i ba: 2.000.000 \u0111\u1ed3ng ti\u1ec1n th\u01b0\u1edfng v\u00e0 1 voucher 20%.<br \/>&#8211; Gi\u1ea3i nhi\u1ec1u t\u01b0\u01a1ng t\u00e1c: 500.000 \u0111\u1ed3ng ti\u1ec1n th\u01b0\u1edfng.<\/p>\t\t\t\t\t\t<\/div>\n\t\t\t\t<\/div>\n\t\t\t\t\t<\/div>\n\t\t\t\t<\/div>\n\t\t<div class=\"elementor-element elementor-element-6f051c7 e-flex e-con-boxed e-con e-parent\" data-id=\"6f051c7\" data-element_type=\"container\" data-settings=\"{&quot;content_width&quot;:&quot;boxed&quot;}\" data-core-v316-plus=\"true\">\n\t\t\t\t\t<div class=\"e-con-inner\">\n\t\t\t\t<div class=\"elementor-element elementor-element-47a9850 elementor-align-center elementor-widget elementor-widget-button\" data-id=\"47a9850\" data-element_type=\"widget\" data-widget_type=\"button.default\">\n\t\t\t\t<div class=\"elementor-widget-container\">\n\t\t\t\t\t<div class=\"elementor-button-wrapper\">\n\t\t\t<a class=\"elementor-button elementor-button-link elementor-size-sm\" href=\"https:\/\/www.facebook.com\/profile.php?id=61553875036513\">\n\t\t\t\t\t\t<span class=\"elementor-button-content-wrapper\">\n\t\t\t\t\t\t<span class=\"elementor-button-text\">Tham gia ngay<\/span>\n\t\t<\/span>\n\t\t\t\t\t<\/a>\n\t\t<\/div>\n\t\t\t\t<\/div>\n\t\t\t\t<\/div>\n\t\t\t\t\t<\/div>\n\t\t\t\t<\/div>\n\t\t\t\t\t\t\t<\/div>\n\t\t","protected":false},"excerpt":{"rendered":"<p>Th\u1ec3 l\u1ec7 cu\u1ed9c thi &#8211; H\u00ecnh th\u1ee9c \u0111\u0103ng k\u00fd: Ng\u01b0\u1eddi d\u1ef1 thi\u00a0\u0111\u0103ng k\u00fd b\u1eb1ng c\u00e1ch nh\u1eafn tin cho Fanpage ho\u1eb7c \u0111\u0103ng k\u00fd tham gia\u00a0th\u00f4ng qua email\u00a0sau c\u1ee7a ban t\u1ed5 ch\u1ee9c: tnfcuontronyeuthuong@gmail.com &#8211; C\u00e1ch \u0111\u0103ng b\u00e0i d\u1ef1 thi: Video d\u1ef1 thi \u0111\u01b0\u1ee3c \u0111\u0103ng tr\u00ean trang facebook c\u00e1 nh\u00e2n c\u1ee7a ng\u01b0\u1eddi tham gia d\u1ef1 thi \u1edf ch\u1ebf [&hellip;]<\/p>\n","protected":false},"author":1,"featured_media":0,"parent":0,"menu_order":0,"comment_status":"closed","ping_status":"closed","template":"","meta":{"footnotes":""},"class_list":["post-23174","page","type-page","status-publish","hentry"],"yoast_head":"<!-- This site is optimized with the Yoast SEO plugin v21.6 - https:\/\/yoast.com\/wordpress\/plugins\/seo\/ -->\n<title>Cu\u1ed9c thi s\u00e1ng t\u1ea1o m\u00f3n \u0103n t\u1eeb b\u00e1nh tr\u00e1ng - T\u00e2y Nguy\u00ean Food - Vi\u1ec7t Nam<\/title>\n<meta name=\"robots\" content=\"index, follow, max-snippet:-1, max-image-preview:large, max-video-preview:-1\" \/>\n<link rel=\"canonical\" href=\"http:\/\/taynguyenfood.danabus.vn\/index.php\/sang-tao-mon-an-tu-banh-trang\/\" \/>\n<meta property=\"og:locale\" content=\"vi_VN\" \/>\n<meta property=\"og:type\" content=\"article\" \/>\n<meta property=\"og:title\" content=\"Cu\u1ed9c thi s\u00e1ng t\u1ea1o m\u00f3n \u0103n t\u1eeb b\u00e1nh tr\u00e1ng - T\u00e2y Nguy\u00ean Food - Vi\u1ec7t Nam\" \/>\n<meta property=\"og:description\" content=\"Th\u1ec3 l\u1ec7 cu\u1ed9c thi &#8211; H\u00ecnh th\u1ee9c \u0111\u0103ng k\u00fd: Ng\u01b0\u1eddi d\u1ef1 thi\u00a0\u0111\u0103ng k\u00fd b\u1eb1ng c\u00e1ch nh\u1eafn tin cho Fanpage ho\u1eb7c \u0111\u0103ng k\u00fd tham gia\u00a0th\u00f4ng qua email\u00a0sau c\u1ee7a ban t\u1ed5 ch\u1ee9c: tnfcuontronyeuthuong@gmail.com &#8211; C\u00e1ch \u0111\u0103ng b\u00e0i d\u1ef1 thi: Video d\u1ef1 thi \u0111\u01b0\u1ee3c \u0111\u0103ng tr\u00ean trang facebook c\u00e1 nh\u00e2n c\u1ee7a ng\u01b0\u1eddi tham gia d\u1ef1 thi \u1edf ch\u1ebf [&hellip;]\" \/>\n<meta property=\"og:url\" content=\"http:\/\/taynguyenfood.danabus.vn\/index.php\/sang-tao-mon-an-tu-banh-trang\/\" \/>\n<meta property=\"og:site_name\" content=\"T\u00e2y Nguy\u00ean Food - Vi\u1ec7t Nam\" \/>\n<meta property=\"article:modified_time\" content=\"2023-12-16T06:48:14+00:00\" \/>\n<meta property=\"og:image\" content=\"http:\/\/taynguyenfood.danabus.vn\/wp-content\/uploads\/2023\/12\/Anh-chup-man-hinh-2023-12-16-133322.png\" \/>\n<meta name=\"twitter:card\" content=\"summary_large_image\" \/>\n<meta name=\"twitter:label1\" content=\"\u01af\u1edbc t\u00ednh th\u1eddi gian \u0111\u1ecdc\" \/>\n\t<meta name=\"twitter:data1\" content=\"2 ph\u00fat\" \/>\n<script type=\"application\/ld+json\" class=\"yoast-schema-graph\">{\"@context\":\"https:\/\/schema.org\",\"@graph\":[{\"@type\":\"WebPage\",\"@id\":\"http:\/\/taynguyenfood.danabus.vn\/index.php\/sang-tao-mon-an-tu-banh-trang\/\",\"url\":\"http:\/\/taynguyenfood.danabus.vn\/index.php\/sang-tao-mon-an-tu-banh-trang\/\",\"name\":\"Cu\u1ed9c thi s\u00e1ng t\u1ea1o m\u00f3n \u0103n t\u1eeb b\u00e1nh tr\u00e1ng - T\u00e2y Nguy\u00ean Food - Vi\u1ec7t Nam\",\"isPartOf\":{\"@id\":\"http:\/\/taynguyenfood.danabus.vn\/#website\"},\"datePublished\":\"2023-12-07T04:48:52+00:00\",\"dateModified\":\"2023-12-16T06:48:14+00:00\",\"breadcrumb\":{\"@id\":\"http:\/\/taynguyenfood.danabus.vn\/index.php\/sang-tao-mon-an-tu-banh-trang\/#breadcrumb\"},\"inLanguage\":\"vi\",\"potentialAction\":[{\"@type\":\"ReadAction\",\"target\":[\"http:\/\/taynguyenfood.danabus.vn\/index.php\/sang-tao-mon-an-tu-banh-trang\/\"]}]},{\"@type\":\"BreadcrumbList\",\"@id\":\"http:\/\/taynguyenfood.danabus.vn\/index.php\/sang-tao-mon-an-tu-banh-trang\/#breadcrumb\",\"itemListElement\":[{\"@type\":\"ListItem\",\"position\":1,\"name\":\"Home\",\"item\":\"http:\/\/taynguyenfood.danabus.vn\/\"},{\"@type\":\"ListItem\",\"position\":2,\"name\":\"Cu\u1ed9c thi s\u00e1ng t\u1ea1o m\u00f3n \u0103n t\u1eeb b\u00e1nh tr\u00e1ng\"}]},{\"@type\":\"WebSite\",\"@id\":\"http:\/\/taynguyenfood.danabus.vn\/#website\",\"url\":\"http:\/\/taynguyenfood.danabus.vn\/\",\"name\":\"T\u00e2y Nguy\u00ean Food - Vi\u1ec7t Nam\",\"description\":\"\",\"publisher\":{\"@id\":\"http:\/\/taynguyenfood.danabus.vn\/#organization\"},\"potentialAction\":[{\"@type\":\"SearchAction\",\"target\":{\"@type\":\"EntryPoint\",\"urlTemplate\":\"http:\/\/taynguyenfood.danabus.vn\/?s={search_term_string}\"},\"query-input\":\"required name=search_term_string\"}],\"inLanguage\":\"vi\"},{\"@type\":\"Organization\",\"@id\":\"http:\/\/taynguyenfood.danabus.vn\/#organization\",\"name\":\"T\u00e2y Nguy\u00ean Food - Vi\u1ec7t Nam\",\"url\":\"http:\/\/taynguyenfood.danabus.vn\/\",\"logo\":{\"@type\":\"ImageObject\",\"inLanguage\":\"vi\",\"@id\":\"http:\/\/taynguyenfood.danabus.vn\/#\/schema\/logo\/image\/\",\"url\":\"https:\/\/taynguyenfood.danabus.vn\/wp-content\/uploads\/2023\/12\/Logo-with-slogan-1.png\",\"contentUrl\":\"https:\/\/taynguyenfood.danabus.vn\/wp-content\/uploads\/2023\/12\/Logo-with-slogan-1.png\",\"width\":1679,\"height\":1667,\"caption\":\"T\u00e2y Nguy\u00ean Food - Vi\u1ec7t Nam\"},\"image\":{\"@id\":\"http:\/\/taynguyenfood.danabus.vn\/#\/schema\/logo\/image\/\"}}]}<\/script>\n<!-- \/ Yoast SEO plugin. -->","yoast_head_json":{"title":"Cu\u1ed9c thi s\u00e1ng t\u1ea1o m\u00f3n \u0103n t\u1eeb b\u00e1nh tr\u00e1ng - T\u00e2y Nguy\u00ean Food - Vi\u1ec7t Nam","robots":{"index":"index","follow":"follow","max-snippet":"max-snippet:-1","max-image-preview":"max-image-preview:large","max-video-preview":"max-video-preview:-1"},"canonical":"http:\/\/taynguyenfood.danabus.vn\/index.php\/sang-tao-mon-an-tu-banh-trang\/","og_locale":"vi_VN","og_type":"article","og_title":"Cu\u1ed9c thi s\u00e1ng t\u1ea1o m\u00f3n \u0103n t\u1eeb b\u00e1nh tr\u00e1ng - T\u00e2y Nguy\u00ean Food - Vi\u1ec7t Nam","og_description":"Th\u1ec3 l\u1ec7 cu\u1ed9c thi &#8211; H\u00ecnh th\u1ee9c \u0111\u0103ng k\u00fd: Ng\u01b0\u1eddi d\u1ef1 thi\u00a0\u0111\u0103ng k\u00fd b\u1eb1ng c\u00e1ch nh\u1eafn tin cho Fanpage ho\u1eb7c \u0111\u0103ng k\u00fd tham gia\u00a0th\u00f4ng qua email\u00a0sau c\u1ee7a ban t\u1ed5 ch\u1ee9c: tnfcuontronyeuthuong@gmail.com &#8211; C\u00e1ch \u0111\u0103ng b\u00e0i d\u1ef1 thi: Video d\u1ef1 thi \u0111\u01b0\u1ee3c \u0111\u0103ng tr\u00ean trang facebook c\u00e1 nh\u00e2n c\u1ee7a ng\u01b0\u1eddi tham gia d\u1ef1 thi \u1edf ch\u1ebf [&hellip;]","og_url":"http:\/\/taynguyenfood.danabus.vn\/index.php\/sang-tao-mon-an-tu-banh-trang\/","og_site_name":"T\u00e2y Nguy\u00ean Food - Vi\u1ec7t Nam","article_modified_time":"2023-12-16T06:48:14+00:00","og_image":[{"url":"http:\/\/taynguyenfood.danabus.vn\/wp-content\/uploads\/2023\/12\/Anh-chup-man-hinh-2023-12-16-133322.png"}],"twitter_card":"summary_large_image","twitter_misc":{"\u01af\u1edbc t\u00ednh th\u1eddi gian \u0111\u1ecdc":"2 ph\u00fat"},"schema":{"@context":"https:\/\/schema.org","@graph":[{"@type":"WebPage","@id":"http:\/\/taynguyenfood.danabus.vn\/index.php\/sang-tao-mon-an-tu-banh-trang\/","url":"http:\/\/taynguyenfood.danabus.vn\/index.php\/sang-tao-mon-an-tu-banh-trang\/","name":"Cu\u1ed9c thi s\u00e1ng t\u1ea1o m\u00f3n \u0103n t\u1eeb b\u00e1nh tr\u00e1ng - T\u00e2y Nguy\u00ean Food - Vi\u1ec7t Nam","isPartOf":{"@id":"http:\/\/taynguyenfood.danabus.vn\/#website"},"datePublished":"2023-12-07T04:48:52+00:00","dateModified":"2023-12-16T06:48:14+00:00","breadcrumb":{"@id":"http:\/\/taynguyenfood.danabus.vn\/index.php\/sang-tao-mon-an-tu-banh-trang\/#breadcrumb"},"inLanguage":"vi","potentialAction":[{"@type":"ReadAction","target":["http:\/\/taynguyenfood.danabus.vn\/index.php\/sang-tao-mon-an-tu-banh-trang\/"]}]},{"@type":"BreadcrumbList","@id":"http:\/\/taynguyenfood.danabus.vn\/index.php\/sang-tao-mon-an-tu-banh-trang\/#breadcrumb","itemListElement":[{"@type":"ListItem","position":1,"name":"Home","item":"http:\/\/taynguyenfood.danabus.vn\/"},{"@type":"ListItem","position":2,"name":"Cu\u1ed9c thi s\u00e1ng t\u1ea1o m\u00f3n \u0103n t\u1eeb b\u00e1nh tr\u00e1ng"}]},{"@type":"WebSite","@id":"http:\/\/taynguyenfood.danabus.vn\/#website","url":"http:\/\/taynguyenfood.danabus.vn\/","name":"T\u00e2y Nguy\u00ean Food - Vi\u1ec7t Nam","description":"","publisher":{"@id":"http:\/\/taynguyenfood.danabus.vn\/#organization"},"potentialAction":[{"@type":"SearchAction","target":{"@type":"EntryPoint","urlTemplate":"http:\/\/taynguyenfood.danabus.vn\/?s={search_term_string}"},"query-input":"required name=search_term_string"}],"inLanguage":"vi"},{"@type":"Organization","@id":"http:\/\/taynguyenfood.danabus.vn\/#organization","name":"T\u00e2y Nguy\u00ean Food - Vi\u1ec7t Nam","url":"http:\/\/taynguyenfood.danabus.vn\/","logo":{"@type":"ImageObject","inLanguage":"vi","@id":"http:\/\/taynguyenfood.danabus.vn\/#\/schema\/logo\/image\/","url":"https:\/\/taynguyenfood.danabus.vn\/wp-content\/uploads\/2023\/12\/Logo-with-slogan-1.png","contentUrl":"https:\/\/taynguyenfood.danabus.vn\/wp-content\/uploads\/2023\/12\/Logo-with-slogan-1.png","width":1679,"height":1667,"caption":"T\u00e2y Nguy\u00ean Food - Vi\u1ec7t Nam"},"image":{"@id":"http:\/\/taynguyenfood.danabus.vn\/#\/schema\/logo\/image\/"}}]}},"_links":{"self":[{"href":"https:\/\/taynguyenfood.danabus.vn\/index.php\/wp-json\/wp\/v2\/pages\/23174","targetHints":{"allow":["GET"]}}],"collection":[{"href":"https:\/\/taynguyenfood.danabus.vn\/index.php\/wp-json\/wp\/v2\/pages"}],"about":[{"href":"https:\/\/taynguyenfood.danabus.vn\/index.php\/wp-json\/wp\/v2\/types\/page"}],"author":[{"embeddable":true,"href":"https:\/\/taynguyenfood.danabus.vn\/index.php\/wp-json\/wp\/v2\/users\/1"}],"replies":[{"embeddable":true,"href":"https:\/\/taynguyenfood.danabus.vn\/index.php\/wp-json\/wp\/v2\/comments?post=23174"}],"version-history":[{"count":32,"href":"https:\/\/taynguyenfood.danabus.vn\/index.php\/wp-json\/wp\/v2\/pages\/23174\/revisions"}],"predecessor-version":[{"id":23844,"href":"https:\/\/taynguyenfood.danabus.vn\/index.php\/wp-json\/wp\/v2\/pages\/23174\/revisions\/23844"}],"wp:attachment":[{"href":"https:\/\/taynguyenfood.danabus.vn\/index.php\/wp-json\/wp\/v2\/media?parent=23174"}],"curies":[{"name":"wp","href":"https:\/\/api.w.org\/{rel}","templated":true}]}}