{"id":216,"date":"2019-09-26T09:30:49","date_gmt":"2019-09-26T09:30:49","guid":{"rendered":"http:\/\/wordpress.templatemela.com\/woo\/WCM05\/WCM050116\/elementor\/?page_id=216"},"modified":"2023-12-07T15:08:31","modified_gmt":"2023-12-07T08:08:31","slug":"gioi-thieu","status":"publish","type":"page","link":"https:\/\/taynguyenfood.danabus.vn\/index.php\/gioi-thieu\/","title":{"rendered":"Gi\u1edbi thi\u1ec7u"},"content":{"rendered":"\t\t<div data-elementor-type=\"wp-page\" data-elementor-id=\"216\" class=\"elementor elementor-216\">\n\t\t\t\t\t\t\t\t\t<section class=\"elementor-section elementor-top-section elementor-element elementor-element-03eeb22 elementor-section-boxed elementor-section-height-default elementor-section-height-default\" data-id=\"03eeb22\" data-element_type=\"section\">\n\t\t\t\t\t\t<div class=\"elementor-container elementor-column-gap-default\">\n\t\t\t\t\t<div class=\"elementor-column elementor-col-100 elementor-top-column elementor-element elementor-element-8a11ce6\" data-id=\"8a11ce6\" data-element_type=\"column\">\n\t\t\t<div class=\"elementor-widget-wrap elementor-element-populated\">\n\t\t\t\t\t\t\t\t<div class=\"elementor-element elementor-element-18f457e elementor-widget elementor-widget-heading\" data-id=\"18f457e\" data-element_type=\"widget\" data-widget_type=\"heading.default\">\n\t\t\t\t<div class=\"elementor-widget-container\">\n\t\t\t<style>\/*! elementor - v3.18.0 - 06-12-2023 *\/\n.elementor-heading-title{padding:0;margin:0;line-height:1}.elementor-widget-heading .elementor-heading-title[class*=elementor-size-]>a{color:inherit;font-size:inherit;line-height:inherit}.elementor-widget-heading .elementor-heading-title.elementor-size-small{font-size:15px}.elementor-widget-heading .elementor-heading-title.elementor-size-medium{font-size:19px}.elementor-widget-heading .elementor-heading-title.elementor-size-large{font-size:29px}.elementor-widget-heading .elementor-heading-title.elementor-size-xl{font-size:39px}.elementor-widget-heading .elementor-heading-title.elementor-size-xxl{font-size:59px}<\/style><h2 class=\"elementor-heading-title elementor-size-default\"><h4 style=\"margin-bottom: 8px; font-weight: inherit; line-height: 1.4; font-size: 1.5rem; font-family: Montserrat, sans-serif; color: rgb(40, 40, 40); font-style: normal; white-space-collapse: collapse; margin-left: 28px; text-indent: -21.3pt; text-align: center;\"><span style=\"font-size: 22px;\"><span style=\"color: rgb(0, 102, 51);\"><span style=\"font-weight: bolder;\"><span style=\"line-height: 33px;\">\u0102n s\u1ea1ch \u2013 S\u1ed1ng kho\u1ebb<\/span><\/span><\/span><\/span><\/h4><p style=\"margin-bottom: 15px; color: rgb(40, 40, 40); font-family: Montserrat, sans-serif; font-size: 14px; font-style: normal; font-weight: 400; white-space-collapse: collapse; text-align: justify;\"><span style=\"font-size: 16px;\"><span style=\"line-height: 24px;\"><span style=\"color: black;\">Hi\u1ec7n nay \u0111ang c\u00f3 r\u1ea5t nhi\u1ec1u lo\u1ea1i th\u1ef1c ph\u1ea9m kh\u00f4ng r\u00f5 ngu\u1ed3n g\u1ed1c tr\u00f4i n\u1ed5i tr\u00ean th\u1ecb tr\u01b0\u1eddng, \u0111i\u1ec1u n\u00e0y ph\u1ea7n n\u00e0o \u0111\u00f3 \u0111\u00e3 c\u00f3 nh\u1eefng \u1ea3nh h\u01b0\u1edfng ti\u00eau c\u1ef1c \u0111\u1ebfn ng\u01b0\u1eddi ti\u00eau d\u00f9ng, kh\u00f4ng ch\u1ec9 v\u1ec1 m\u1eb7t h\u00ecnh th\u1ec3 m\u00e0 c\u00f2n c\u00f3 nh\u1eefng t\u00ecnh tr\u1ea1ng x\u1ea5u v\u1ec1 s\u1ee9c kh\u1ecfe.<\/span><\/span><\/span><\/p><p style=\"margin-bottom: 15px; color: rgb(40, 40, 40); font-family: Montserrat, sans-serif; font-size: 14px; font-style: normal; font-weight: 400; white-space-collapse: collapse; text-align: justify;\"><span style=\"font-size: 16px;\"><span style=\"line-height: 24px;\"><span style=\"color: black;\"><span style=\"font-weight: bolder;\">T\u00e2y Nguy\u00ean Food - Vi\u1ec7t Nam<\/span>&nbsp;ra \u0111\u1eddi v\u1edbi kh\u00e1t khao mang nh\u1eefng th\u1ef1c ph\u1ea9m s\u1ea1ch, 100% t\u1eeb t\u1ef1 nhi\u00ean, kh\u00f4ng ph\u1ea9m m\u00e0u, kh\u00f4ng ch\u1ea5t b\u1ea3o qu\u1ea3n, kh\u00f4ng ch\u1ea5t ph\u1ee5 gia v\u1edbi ch\u1ea5t l\u01b0\u1ee3ng dinh d\u01b0\u1ee1ng t\u1ed1t nh\u1ea5t \u0111\u01b0\u1ee3c s\u1ea3n xu\u1ea5t tr\u1ef1c ti\u1ebfp t\u1ea1i c\u00e1c l\u00e0ng ngh\u1ec1 truy\u1ec1n th\u1ed1ng tr\u00ean \u0111\u1ea5t n\u01b0\u1edbc \u0111\u1ebfn kh\u00e1ch h\u00e0ng. Ch\u00fang t\u00f4i mong mu\u1ed1n \u0111\u01b0\u1ee3c tr\u1edf th\u00e0nh c\u00e1nh tay \u0111\u1eafc l\u1ef1c h\u1ed7 tr\u1ee3 kh\u00e1ch h\u00e0ng trong vi\u1ec7c ch\u0103m s\u00f3c s\u1ee9c kh\u1ecfe, gi\u1eef d\u00e1ng, l\u00e0m \u0111\u1eb9p v\u00e0 ki\u1ec3m so\u00e1t c\u00e2n n\u1eb7ng. Ch\u00fang t\u00f4i l\u1eafng nghe v\u00e0 th\u1ea5u hi\u1ec3u nh\u1eefng mong mu\u1ed1n v\u1ec1 s\u1ee9c kh\u1ecfe, t\u1eeb \u0111\u00f3 mang \u0111\u1ebfn l\u1ef1a ch\u1ecdn t\u1ed1t nh\u1ea5t cho kh\u00e1ch h\u00e0ng trong cu\u1ed9c s\u1ed1ng \u0103n l\u00e0nh m\u1ea1nh, \u0103n s\u1ea1ch c\u1ee7a kh\u00e1ch h\u00e0ng h\u1eb1ng ng\u00e0y.<\/span><\/span><\/span><\/p><p style=\"margin-bottom: 15px; color: rgb(40, 40, 40); font-family: Montserrat, sans-serif; font-size: 14px; font-style: normal; font-weight: 400; white-space-collapse: collapse; text-align: justify;\"><span style=\"font-size: 16px;\"><span style=\"line-height: 24px;\"><span style=\"color: black;\">T\u1eeb khi th\u00e0nh l\u1eadp t\u1eeb n\u0103m 2019 \u0111\u1ebfn nay, T\u00e2y Nguy\u00ean Food - Vi\u1ec7t Nam \u0111\u00e3 vinh d\u1ef1 c\u00f3 \u0111\u01b0\u1ee3c m\u1ed9t v\u1ecb tr\u00ed v\u1eefng ch\u00e3i tr\u00ean th\u1ecb tr\u01b0\u1eddng th\u1ef1c ph\u1ea9m s\u1ea1ch, eat clean. Ch\u00fang t\u00f4i kh\u00e1t khao lan t\u1ecfa h\u01a1n n\u1eefa nh\u1eefng s\u1ea3n ph\u1ea9m t\u1ef1 nhi\u00ean v\u1edbi ch\u1ea5t l\u01b0\u1ee3ng t\u1ed1t nh\u1ea5t nh\u01b0ng v\u1eabn gi\u1eef tr\u1ecdn tinh t\u00fay t\u1eeb m\u1eb9 thi\u00ean nhi\u00ean \u0111\u1ebfn v\u1edbi kh\u00e1ch h\u00e0ng c\u1ee7a m\u00ecnh. Ch\u00fang t\u00f4i mu\u1ed1n tr\u1edf th\u00e0nh ng\u01b0\u1eddi b\u1ea1n \u0111\u1ed3ng h\u00e0nh c\u00f9ng kh\u00e1ch h\u00e0ng \u0111\u1ec3 c\u00f9ng nhau c\u00f3 nh\u1eefng tr\u1ea3i nghi\u1ec7m \u0103n s\u1ea1ch, \u0103n eat clean tuy\u1ec7t v\u1eddi nh\u1ea5t v\u1edbi nh\u1eefng m\u00f3n \u0103n ngon v\u00e0 tr\u00e0n \u0111\u1ea7y dinh d\u01b0\u1ee1ng.<\/span><\/span><\/span><\/p><h4 style=\"margin-bottom: 8px; font-weight: inherit; line-height: 1.4; font-size: 1.5rem; font-family: Montserrat, sans-serif; color: rgb(40, 40, 40); font-style: normal; white-space-collapse: collapse; text-align: justify;\"><span style=\"font-size: 20px;\"><span style=\"color: rgb(0, 102, 51);\"><span style=\"line-height: 30px;\"><span style=\"font-weight: bolder;\">T\u1ea7m nh\u00ecn<\/span><\/span><\/span><\/span><br><span style=\"font-size: 16px;\"><span style=\"line-height: 24px;\"><span style=\"color: black;\">T\u00e2y Nguy\u00ean Food - Vi\u1ec7t Nam lu\u00f4n kh\u00f4ng ng\u1eebng n\u1ed7 l\u1ef1c \u0111\u1ec3 tr\u1edf th\u00e0nh \u0111\u01a1n v\u1ecb cung c\u1ea5p th\u1ef1c ph\u1ea9m eatclean h\u00e0ng \u0111\u1ea7u Vi\u1ec7t Nam \u0111\u1ed3ng th\u1eddi d\u00e0nh \u0111\u01b0\u1ee3c s\u1ef1 \u01b0u ti\u00ean v\u00e0 t\u00edn nhi\u1ec7m c\u1ee7a kh\u00e1ch h\u00e0ng v\u1ec1 s\u1ea3n ph\u1ea9m dinh d\u01b0\u1ee1ng v\u00e0 ph\u1ee5c v\u1ee5 s\u1ee9c kh\u1ecfe.<\/span><\/span><\/span><\/h4><h4 style=\"margin-bottom: 8px; font-weight: inherit; line-height: 1.4; font-size: 1.5rem; font-family: Montserrat, sans-serif; color: rgb(40, 40, 40); font-style: normal; white-space-collapse: collapse; text-align: justify;\"><span style=\"font-weight: bolder;\"><span style=\"font-size: 20px;\"><span style=\"color: rgb(0, 102, 51);\"><span style=\"line-height: 30px;\">S\u1ee9 m\u1ec7nh<\/span><\/span><\/span><\/span><br><span style=\"font-size: 16px;\"><span style=\"line-height: 24px;\"><span style=\"color: black;\">V\u1edbi t\u00f4n ch\u1ec9 \"\u0102n s\u1ea1ch - S\u1ed1ng kh\u1ecfe\", T\u00e2y Nguy\u00ean Food - Vi\u1ec7t Nam tr\u00e2n tr\u1ecdng mang \u0111\u1ebfn cho kh\u00e1ch h\u00e0ng nh\u1eefng th\u1ef1c ph\u1ea9m eat clean ch\u1ea5t l\u01b0\u1ee3ng t\u1ed1t nh\u1ea5t v\u1edbi nguy\u00ean li\u1ec7u 100% t\u1eeb t\u1ef1 nhi\u00ean an to\u00e0n cho m\u1ecdi \u0111\u1ed1i t\u01b0\u1ee3ng s\u1eed d\u1ee5ng. Ch\u00fang t\u00f4i mong mu\u1ed1n khi c\u1ed9ng \u0111\u1ed3ng l\u1ef1a ch\u1ecdn T\u00e2y Nguy\u00ean Food - Vi\u1ec7t Nam&nbsp;l\u00e0 l\u1ef1a ch\u1ecdn th\u1ef1c ph\u1ea9m an to\u00e0n, thu\u1ea7n t\u1ef1 nhi\u00ean cho m\u1ed9t v\u00f3c d\u00e1ng kh\u1ecfe kho\u1eafn v\u00e0 m\u1ed9t cu\u1ed9c s\u1ed1ng \u0111\u1ea7y \"dinh d\u01b0\u1ee1ng\".<\/span><\/span><\/span><br><span style=\"font-size: 16px;\"><span style=\"line-height: 24px;\"><span style=\"color: black;\">Ch\u00fang t\u00f4i hi\u1ec3u r\u1eb1ng vi\u1ec7c b\u1eaft \u0111\u1ea7u \u0103n u\u1ed1ng l\u00e0nh m\u1ea1nh v\u00e0 chuy\u1ec3n sang l\u1ed1i s\u1ed1ng xanh l\u00e0 m\u1ed9t qu\u00e1 tr\u00ecnh l\u00e2u d\u00e0i, ch\u00fang t\u00f4i s\u1ebd lu\u00f4n \u0111\u1ed3ng h\u00e0nh c\u00f9ng b\u1ea1n v\u1edbi s\u1ef1 t\u1eadn t\u00e2m, tr\u00e2n tr\u1ecdng v\u00e0 ni\u1ec1m tin c\u1ee7a m\u00ecnh trong qu\u00e1 tr\u00ecnh \u0111em \u0111\u1ebfn nh\u1eefng s\u1ea3n ph\u1ea9m t\u1ed1t nh\u1ea5t cho kh\u00e1ch h\u00e0ng.<\/span><\/span><\/span><\/h4><h4 style=\"margin-bottom: 8px; font-weight: inherit; line-height: 1.4; font-size: 1.5rem; font-family: Montserrat, sans-serif; color: rgb(40, 40, 40); font-style: normal; white-space-collapse: collapse; text-align: justify;\"><span style=\"font-size: 20px;\"><span style=\"color: rgb(0, 102, 51);\"><span style=\"line-height: 30px;\"><span style=\"font-weight: bolder;\">\u0110\u1ecbnh v\u1ecb<\/span><\/span><\/span><\/span><br><span style=\"font-size: 16px;\"><span style=\"line-height: 24px;\"><span style=\"color: black;\">T\u00e2y Nguy\u00ean Food - Vi\u1ec7t Nam&nbsp;\u0111\u1ecbnh v\u1ecb b\u1ea3n th\u00e2n l\u00e0 nh\u00e0 cung c\u1ea5p th\u1ef1c ph\u1ea9m eat clean c\u00f3 ch\u1ea5t l\u01b0\u1ee3ng t\u1ed1t nh\u1ea5t v\u00ec l\u1ee3i \u00edch c\u1ee7a kh\u00e1ch h\u00e0ng. Ch\u00fang t\u00f4i mong mu\u1ed1n t\u1ea1o ra d\u1ea5u \u1ea5n kh\u00e1c bi\u1ec7t b\u1eb1ng s\u1ef1 quan t\u00e2m ch\u00e2n th\u00e0nh, t\u00ednh c\u1ea9n tr\u1ecdng, ch\u0103m ch\u00fat t\u1eeb kh\u00e2u nguy\u00ean li\u1ec7u \u0111\u1ebfn quy tr\u00ecnh ch\u1ebf bi\u1ebfn v\u1edbi mong mu\u1ed1n mang \u0111\u1ebfn nh\u1eefng s\u1ea3n ph\u1ea9m dinh d\u01b0\u1ee1ng t\u1ed1t nh\u1ea5t cho kh\u00e1ch h\u00e0ng.<\/span><\/span><\/span><\/h4><h4 style=\"margin-bottom: 8px; font-weight: inherit; line-height: 1.4; font-size: 1.5rem; font-family: Montserrat, sans-serif; color: rgb(40, 40, 40); font-style: normal; white-space-collapse: collapse; text-align: justify;\"><span style=\"font-size: 20px;\"><span style=\"color: rgb(0, 102, 51);\"><span style=\"line-height: 30px;\"><span style=\"font-weight: bolder;\">Gi\u00e1 tr\u1ecb c\u1ed1t l\u00f5i<\/span><\/span><\/span><\/span><br><span style=\"font-size: 16px;\"><span style=\"line-height: 24px;\"><span style=\"color: black;\">- T\u1ef0 NHI\u00caN \u2013 Th\u1ef1c ph\u1ea9m eat clean c\u1ee7a T\u00e2y Nguy\u00ean Food - Vi\u1ec7t Nam&nbsp;\u0111\u1ec1u 100% \u0111\u01b0\u1ee3c l\u00e0m t\u1eeb thi\u00ean nhi\u00ean, kh\u00f4ng ph\u1ea9m m\u00e0u, kh\u00f4ng h\u00f3a ch\u1ea5t, kh\u00f4ng ch\u1ea5t b\u1ea3o qu\u1ea3n, kh\u00f4ng ph\u1ee5 gia. Quy tr\u00ecnh ch\u1ebf bi\u1ebfn s\u1ea3n ph\u1ea9m \u0111\u1ec1u l\u00e0 th\u1ee7 c\u00f4ng, h\u1ee3p v\u1ec7 sinh, \u0111\u01b0\u1ee3c l\u00e0m t\u1ea1i c\u00e1c l\u00e0ng ngh\u1ec1 truy\u1ec1n th\u1ed1ng ho\u1eb7c nh\u00e0 l\u00e0m tr\u1ef1c ti\u1ebfp.<\/span><\/span><\/span><br><span style=\"font-size: 16px;\"><span style=\"line-height: 24px;\"><span style=\"color: black;\">- DINH D\u01af\u1ee0NG \u2013 C\u00e1c s\u1ea3n ph\u1ea9m c\u1ee7a T\u00e2y Nguy\u00ean Food - Vi\u1ec7t Nam&nbsp;chuy\u00ean h\u1ed7 tr\u1ee3 cho vi\u1ec7c gi\u1eef d\u00e1ng, l\u00e0m \u0111\u1eb9p d\u00e1ng, ki\u1ec3m so\u00e1t c\u00e2n n\u1eb7ng, c\u1ea3i thi\u1ec7n v\u00e0 b\u1ed3i b\u1ed5 s\u1ee9c kh\u1ecfe.<\/span><\/span><\/span><br><span style=\"font-size: 16px;\"><span style=\"line-height: 24px;\"><span style=\"color: black;\">- UY T\u00cdN \u2013 T\u00f4n ch\u1ec9 h\u00e0ng \u0111\u1ea7u c\u1ee7a T\u00e2y Nguy\u00ean Food - Vi\u1ec7t Nam&nbsp;l\u00e0 s\u1ee9c kh\u1ecfe v\u00e0 l\u1ee3i \u00edch c\u1ee7a kh\u00e1ch h\u00e0ng. S\u1ef1 h\u00e0i l\u00f2ng c\u1ee7a kh\u00e1ch h\u00e0ng ch\u00ednh l\u00e0 ni\u1ec1m vui, l\u00e0 kim ch\u1ec9 nam v\u00e0 l\u00e0 t\u1ea7m nh\u00ecn, s\u1ee9 m\u1ec7nh c\u1ee7a th\u01b0\u01a1ng hi\u1ec7u. Ch\u00fang t\u00f4i cam k\u1ebft mang \u0111\u1ebfn nh\u1eefng s\u1ea3n ph\u1ea9m gi\u00e1 tr\u1ecb v\u00e0 dinh d\u01b0\u1ee1ng t\u1ed1t nh\u1ea5t \u0111\u1ebfn v\u1edbi kh\u00e1ch h\u00e0ng.<\/span><\/span><\/span><\/h4><\/h2>\t\t<\/div>\n\t\t\t\t<\/div>\n\t\t\t\t\t<\/div>\n\t\t<\/div>\n\t\t\t\t\t\t\t<\/div>\n\t\t<\/section>\n\t\t\t\t\t\t\t<\/div>\n\t\t","protected":false},"excerpt":{"rendered":"<p>\u0102n s\u1ea1ch \u2013 S\u1ed1ng kho\u1ebb Hi\u1ec7n nay \u0111ang c\u00f3 r\u1ea5t nhi\u1ec1u lo\u1ea1i th\u1ef1c ph\u1ea9m kh\u00f4ng r\u00f5 ngu\u1ed3n g\u1ed1c tr\u00f4i n\u1ed5i tr\u00ean th\u1ecb tr\u01b0\u1eddng, \u0111i\u1ec1u n\u00e0y ph\u1ea7n n\u00e0o \u0111\u00f3 \u0111\u00e3 c\u00f3 nh\u1eefng \u1ea3nh h\u01b0\u1edfng ti\u00eau c\u1ef1c \u0111\u1ebfn ng\u01b0\u1eddi ti\u00eau d\u00f9ng, kh\u00f4ng ch\u1ec9 v\u1ec1 m\u1eb7t h\u00ecnh th\u1ec3 m\u00e0 c\u00f2n c\u00f3 nh\u1eefng t\u00ecnh tr\u1ea1ng x\u1ea5u v\u1ec1 s\u1ee9c kh\u1ecfe. [&hellip;]<\/p>\n","protected":false},"author":1,"featured_media":0,"parent":0,"menu_order":0,"comment_status":"closed","ping_status":"closed","template":"","meta":{"footnotes":""},"class_list":["post-216","page","type-page","status-publish","hentry"],"yoast_head":"<!-- This site is optimized with the Yoast SEO plugin v21.6 - https:\/\/yoast.com\/wordpress\/plugins\/seo\/ -->\n<title>Gi\u1edbi thi\u1ec7u - T\u00e2y Nguy\u00ean Food - Vi\u1ec7t Nam<\/title>\n<meta name=\"robots\" content=\"index, follow, max-snippet:-1, max-image-preview:large, max-video-preview:-1\" \/>\n<link rel=\"canonical\" href=\"http:\/\/taynguyenfood.danabus.vn\/index.php\/gioi-thieu\/\" \/>\n<meta property=\"og:locale\" content=\"vi_VN\" \/>\n<meta property=\"og:type\" content=\"article\" \/>\n<meta property=\"og:title\" content=\"Gi\u1edbi thi\u1ec7u - T\u00e2y Nguy\u00ean Food - Vi\u1ec7t Nam\" \/>\n<meta property=\"og:description\" content=\"\u0102n s\u1ea1ch \u2013 S\u1ed1ng kho\u1ebb Hi\u1ec7n nay \u0111ang c\u00f3 r\u1ea5t nhi\u1ec1u lo\u1ea1i th\u1ef1c ph\u1ea9m kh\u00f4ng r\u00f5 ngu\u1ed3n g\u1ed1c tr\u00f4i n\u1ed5i tr\u00ean th\u1ecb tr\u01b0\u1eddng, \u0111i\u1ec1u n\u00e0y ph\u1ea7n n\u00e0o \u0111\u00f3 \u0111\u00e3 c\u00f3 nh\u1eefng \u1ea3nh h\u01b0\u1edfng ti\u00eau c\u1ef1c \u0111\u1ebfn ng\u01b0\u1eddi ti\u00eau d\u00f9ng, kh\u00f4ng ch\u1ec9 v\u1ec1 m\u1eb7t h\u00ecnh th\u1ec3 m\u00e0 c\u00f2n c\u00f3 nh\u1eefng t\u00ecnh tr\u1ea1ng x\u1ea5u v\u1ec1 s\u1ee9c kh\u1ecfe. [&hellip;]\" \/>\n<meta property=\"og:url\" content=\"http:\/\/taynguyenfood.danabus.vn\/index.php\/gioi-thieu\/\" \/>\n<meta property=\"og:site_name\" content=\"T\u00e2y Nguy\u00ean Food - Vi\u1ec7t Nam\" \/>\n<meta property=\"article:modified_time\" content=\"2023-12-07T08:08:31+00:00\" \/>\n<meta name=\"twitter:card\" content=\"summary_large_image\" \/>\n<meta name=\"twitter:label1\" content=\"\u01af\u1edbc t\u00ednh th\u1eddi gian \u0111\u1ecdc\" \/>\n\t<meta name=\"twitter:data1\" content=\"4 ph\u00fat\" \/>\n<script type=\"application\/ld+json\" class=\"yoast-schema-graph\">{\"@context\":\"https:\/\/schema.org\",\"@graph\":[{\"@type\":\"WebPage\",\"@id\":\"http:\/\/taynguyenfood.danabus.vn\/index.php\/gioi-thieu\/\",\"url\":\"http:\/\/taynguyenfood.danabus.vn\/index.php\/gioi-thieu\/\",\"name\":\"Gi\u1edbi thi\u1ec7u - T\u00e2y Nguy\u00ean Food - Vi\u1ec7t Nam\",\"isPartOf\":{\"@id\":\"https:\/\/taynguyenfood.danabus.vn\/#website\"},\"datePublished\":\"2019-09-26T09:30:49+00:00\",\"dateModified\":\"2023-12-07T08:08:31+00:00\",\"breadcrumb\":{\"@id\":\"http:\/\/taynguyenfood.danabus.vn\/index.php\/gioi-thieu\/#breadcrumb\"},\"inLanguage\":\"vi\",\"potentialAction\":[{\"@type\":\"ReadAction\",\"target\":[\"http:\/\/taynguyenfood.danabus.vn\/index.php\/gioi-thieu\/\"]}]},{\"@type\":\"BreadcrumbList\",\"@id\":\"http:\/\/taynguyenfood.danabus.vn\/index.php\/gioi-thieu\/#breadcrumb\",\"itemListElement\":[{\"@type\":\"ListItem\",\"position\":1,\"name\":\"Home\",\"item\":\"https:\/\/taynguyenfood.danabus.vn\/\"},{\"@type\":\"ListItem\",\"position\":2,\"name\":\"Gi\u1edbi thi\u1ec7u\"}]},{\"@type\":\"WebSite\",\"@id\":\"https:\/\/taynguyenfood.danabus.vn\/#website\",\"url\":\"https:\/\/taynguyenfood.danabus.vn\/\",\"name\":\"T\u00e2y Nguy\u00ean Food - Vi\u1ec7t Nam\",\"description\":\"\",\"publisher\":{\"@id\":\"https:\/\/taynguyenfood.danabus.vn\/#organization\"},\"potentialAction\":[{\"@type\":\"SearchAction\",\"target\":{\"@type\":\"EntryPoint\",\"urlTemplate\":\"https:\/\/taynguyenfood.danabus.vn\/?s={search_term_string}\"},\"query-input\":\"required name=search_term_string\"}],\"inLanguage\":\"vi\"},{\"@type\":\"Organization\",\"@id\":\"https:\/\/taynguyenfood.danabus.vn\/#organization\",\"name\":\"T\u00e2y Nguy\u00ean Food - Vi\u1ec7t Nam\",\"url\":\"https:\/\/taynguyenfood.danabus.vn\/\",\"logo\":{\"@type\":\"ImageObject\",\"inLanguage\":\"vi\",\"@id\":\"https:\/\/taynguyenfood.danabus.vn\/#\/schema\/logo\/image\/\",\"url\":\"https:\/\/taynguyenfood.danabus.vn\/wp-content\/uploads\/2023\/12\/Logo-with-slogan-1.png\",\"contentUrl\":\"https:\/\/taynguyenfood.danabus.vn\/wp-content\/uploads\/2023\/12\/Logo-with-slogan-1.png\",\"width\":1679,\"height\":1667,\"caption\":\"T\u00e2y Nguy\u00ean Food - Vi\u1ec7t Nam\"},\"image\":{\"@id\":\"https:\/\/taynguyenfood.danabus.vn\/#\/schema\/logo\/image\/\"}}]}<\/script>\n<!-- \/ Yoast SEO plugin. -->","yoast_head_json":{"title":"Gi\u1edbi thi\u1ec7u - T\u00e2y Nguy\u00ean Food - Vi\u1ec7t Nam","robots":{"index":"index","follow":"follow","max-snippet":"max-snippet:-1","max-image-preview":"max-image-preview:large","max-video-preview":"max-video-preview:-1"},"canonical":"http:\/\/taynguyenfood.danabus.vn\/index.php\/gioi-thieu\/","og_locale":"vi_VN","og_type":"article","og_title":"Gi\u1edbi thi\u1ec7u - T\u00e2y Nguy\u00ean Food - Vi\u1ec7t Nam","og_description":"\u0102n s\u1ea1ch \u2013 S\u1ed1ng kho\u1ebb Hi\u1ec7n nay \u0111ang c\u00f3 r\u1ea5t nhi\u1ec1u lo\u1ea1i th\u1ef1c ph\u1ea9m kh\u00f4ng r\u00f5 ngu\u1ed3n g\u1ed1c tr\u00f4i n\u1ed5i tr\u00ean th\u1ecb tr\u01b0\u1eddng, \u0111i\u1ec1u n\u00e0y ph\u1ea7n n\u00e0o \u0111\u00f3 \u0111\u00e3 c\u00f3 nh\u1eefng \u1ea3nh h\u01b0\u1edfng ti\u00eau c\u1ef1c \u0111\u1ebfn ng\u01b0\u1eddi ti\u00eau d\u00f9ng, kh\u00f4ng ch\u1ec9 v\u1ec1 m\u1eb7t h\u00ecnh th\u1ec3 m\u00e0 c\u00f2n c\u00f3 nh\u1eefng t\u00ecnh tr\u1ea1ng x\u1ea5u v\u1ec1 s\u1ee9c kh\u1ecfe. [&hellip;]","og_url":"http:\/\/taynguyenfood.danabus.vn\/index.php\/gioi-thieu\/","og_site_name":"T\u00e2y Nguy\u00ean Food - Vi\u1ec7t Nam","article_modified_time":"2023-12-07T08:08:31+00:00","twitter_card":"summary_large_image","twitter_misc":{"\u01af\u1edbc t\u00ednh th\u1eddi gian \u0111\u1ecdc":"4 ph\u00fat"},"schema":{"@context":"https:\/\/schema.org","@graph":[{"@type":"WebPage","@id":"http:\/\/taynguyenfood.danabus.vn\/index.php\/gioi-thieu\/","url":"http:\/\/taynguyenfood.danabus.vn\/index.php\/gioi-thieu\/","name":"Gi\u1edbi thi\u1ec7u - T\u00e2y Nguy\u00ean Food - Vi\u1ec7t Nam","isPartOf":{"@id":"https:\/\/taynguyenfood.danabus.vn\/#website"},"datePublished":"2019-09-26T09:30:49+00:00","dateModified":"2023-12-07T08:08:31+00:00","breadcrumb":{"@id":"http:\/\/taynguyenfood.danabus.vn\/index.php\/gioi-thieu\/#breadcrumb"},"inLanguage":"vi","potentialAction":[{"@type":"ReadAction","target":["http:\/\/taynguyenfood.danabus.vn\/index.php\/gioi-thieu\/"]}]},{"@type":"BreadcrumbList","@id":"http:\/\/taynguyenfood.danabus.vn\/index.php\/gioi-thieu\/#breadcrumb","itemListElement":[{"@type":"ListItem","position":1,"name":"Home","item":"https:\/\/taynguyenfood.danabus.vn\/"},{"@type":"ListItem","position":2,"name":"Gi\u1edbi thi\u1ec7u"}]},{"@type":"WebSite","@id":"https:\/\/taynguyenfood.danabus.vn\/#website","url":"https:\/\/taynguyenfood.danabus.vn\/","name":"T\u00e2y Nguy\u00ean Food - Vi\u1ec7t Nam","description":"","publisher":{"@id":"https:\/\/taynguyenfood.danabus.vn\/#organization"},"potentialAction":[{"@type":"SearchAction","target":{"@type":"EntryPoint","urlTemplate":"https:\/\/taynguyenfood.danabus.vn\/?s={search_term_string}"},"query-input":"required name=search_term_string"}],"inLanguage":"vi"},{"@type":"Organization","@id":"https:\/\/taynguyenfood.danabus.vn\/#organization","name":"T\u00e2y Nguy\u00ean Food - Vi\u1ec7t Nam","url":"https:\/\/taynguyenfood.danabus.vn\/","logo":{"@type":"ImageObject","inLanguage":"vi","@id":"https:\/\/taynguyenfood.danabus.vn\/#\/schema\/logo\/image\/","url":"https:\/\/taynguyenfood.danabus.vn\/wp-content\/uploads\/2023\/12\/Logo-with-slogan-1.png","contentUrl":"https:\/\/taynguyenfood.danabus.vn\/wp-content\/uploads\/2023\/12\/Logo-with-slogan-1.png","width":1679,"height":1667,"caption":"T\u00e2y Nguy\u00ean Food - Vi\u1ec7t Nam"},"image":{"@id":"https:\/\/taynguyenfood.danabus.vn\/#\/schema\/logo\/image\/"}}]}},"_links":{"self":[{"href":"https:\/\/taynguyenfood.danabus.vn\/index.php\/wp-json\/wp\/v2\/pages\/216","targetHints":{"allow":["GET"]}}],"collection":[{"href":"https:\/\/taynguyenfood.danabus.vn\/index.php\/wp-json\/wp\/v2\/pages"}],"about":[{"href":"https:\/\/taynguyenfood.danabus.vn\/index.php\/wp-json\/wp\/v2\/types\/page"}],"author":[{"embeddable":true,"href":"https:\/\/taynguyenfood.danabus.vn\/index.php\/wp-json\/wp\/v2\/users\/1"}],"replies":[{"embeddable":true,"href":"https:\/\/taynguyenfood.danabus.vn\/index.php\/wp-json\/wp\/v2\/comments?post=216"}],"version-history":[{"count":5,"href":"https:\/\/taynguyenfood.danabus.vn\/index.php\/wp-json\/wp\/v2\/pages\/216\/revisions"}],"predecessor-version":[{"id":23202,"href":"https:\/\/taynguyenfood.danabus.vn\/index.php\/wp-json\/wp\/v2\/pages\/216\/revisions\/23202"}],"wp:attachment":[{"href":"https:\/\/taynguyenfood.danabus.vn\/index.php\/wp-json\/wp\/v2\/media?parent=216"}],"curies":[{"name":"wp","href":"https:\/\/api.w.org\/{rel}","templated":true}]}}